{"id":1044,"date":"2022-12-22T20:06:46","date_gmt":"2022-12-22T20:06:46","guid":{"rendered":"https:\/\/cwaplaybook.org\/?page_id=1044"},"modified":"2023-05-17T17:30:35","modified_gmt":"2023-05-17T17:30:35","slug":"story-2-coal-ash","status":"publish","type":"page","link":"https:\/\/cwaplaybook.org\/es\/story-2-coal-ash\/","title":{"rendered":"HISTORIA 2: Estanques de cenizas de carb\u00f3n (r\u00edos Potomac y Susquehanna)"},"content":{"rendered":"<div class=\"gb-container gb-container-9376e5de alignfull\"><div class=\"gb-inside-container\">\n\n<div style=\"padding:56.25% 0 0 0;position:relative;\"><iframe src=\"https:\/\/player.vimeo.com\/video\/783488402?h=6b604b3944&amp;title=0&amp;byline=0&amp;portrait=0\" style=\"position:absolute;top:0;left:0;width:100%;height:100%;\" frameborder=\"0\" allow=\"autoplay; fullscreen; picture-in-picture\" allowfullscreen=\"\"><\/iframe><\/div><script src=\"https:\/\/player.vimeo.com\/api\/player.js\"><\/script>\n\n<\/div><div class=\"gb-shapes\"><div class=\"gb-shape gb-shape-1\"><svg xmlns=\"http:\/\/www.w3.org\/2000\/svg\" viewbox=\"0 0 1200 217.3\" preserveaspectratio=\"none\"><path d=\"M1200 195.6l-25-22.2c-25-21.9-75-66.9-125-75.5-50-8.9-100 17.8-150 26.7-50 8.6-100 .2-150-13.3-50-13.1-100-31.4-150-26.7-50 4.4-100 31.1-150 26.7-50-4.8-100-39.8-150-66.7C250 18.1 200-.2 150 0 100-.2 50 18.1 25 26.7L0 35.6v181.7h1200v-21.7z\"\/><\/svg><\/div><\/div><\/div>\n\n<div class=\"gb-container gb-container-e812122f\"><div class=\"gb-inside-container\">\n\n<div style=\"height:50px\" aria-hidden=\"true\" class=\"wp-block-spacer\"><\/div>\n\n\n\n<h1 class=\"wp-block-heading has-text-align-center\" style=\"font-size:48px\">HISTORIA 2: Estanques de cenizas de carb\u00f3n<br>(R\u00edos Potomac y Susquahanna)<\/h1>\n\n\n\n<div style=\"height:20px\" aria-hidden=\"true\" class=\"wp-block-spacer\"><\/div>\n\n<\/div><\/div>\n\n<div class=\"gb-container gb-container-c22b2c15\"><div class=\"gb-inside-container\">\n<div class=\"gb-grid-wrapper gb-grid-wrapper-3766819f\">\n<div class=\"gb-grid-column gb-grid-column-1e6167fc\"><div class=\"gb-container gb-container-1e6167fc\"><div class=\"gb-inside-container\">\n<div class=\"gb-container gb-container-52a06d36\"><div class=\"gb-inside-container\">\n\n<h2 class=\"gb-headline gb-headline-1a4f9dad gb-headline-text\">\u00bfPor qu\u00e9 la ceniza de carb\u00f3n es mala?<\/h2>\n\n\n\n<p>Las cenizas de carb\u00f3n causan problemas en las comunidades y v\u00edas fluviales de todo el pa\u00eds. La quema de carb\u00f3n crea varios subproductos de cenizas que se han manejado de manera deficiente en pozos o vertederos sin revestimiento, a menudo a lo largo de las riberas de los r\u00edos, que se filtran en las aguas subterr\u00e1neas o contaminan directamente los r\u00edos y arroyos a trav\u00e9s de los desag\u00fces o los desbordamientos durante las lluvias intensas. En este momento, 735 embalses superficiales de cenizas de carb\u00f3n activas en todo el pa\u00eds est\u00e1n filtrando sustancias qu\u00edmicas peligrosas en r\u00edos, lagos, arroyos y aguas subterr\u00e1neas. Cientos de centrales el\u00e9ctricas de carb\u00f3n han estado cerrando o convirti\u00e9ndose a otras fuentes de energ\u00eda desde la <a rel=\"noreferrer noopener\" href=\"https:\/\/www.epa.gov\/coalash\/coal-ash-rule\" target=\"_blank\">La EPA comenz\u00f3 a regular la eliminaci\u00f3n segura de cenizas de carb\u00f3n en 2015<\/a>. Los cierres tambi\u00e9n se han acelerado a medida que los estados cambian a fuentes de energ\u00eda m\u00e1s limpias para cumplir con los objetivos del cambio clim\u00e1tico.<\/p>\n\n\n\n<p>La exposici\u00f3n a los numerosos contaminantes t\u00f3xicos que se encuentran en las cenizas de carb\u00f3n, como el ars\u00e9nico, el cadmio, el selenio, el plomo, el mercurio, el cromo, el boro, los sulfatos y el litio, puede causar enfermedades graves y c\u00e1ncer. Los hallazgos de la EPA sobre el ars\u00e9nico en las cenizas de carb\u00f3n desechadas en los estanques de desechos demostraron un riesgo de c\u00e1ncer extremadamente elevado.&nbsp;<\/p>\n\n\n\n<p><strong>\u00bfA qui\u00e9n y qu\u00e9 usos del agua est\u00e1 perjudicando?&nbsp;<\/strong><\/p>\n\n\n\n<p>Este legado de sustancias qu\u00edmicas nocivas representa un gran problema de salud p\u00fablica para las comunidades cercanas a estos vertederos y estanques de cenizas sin revestimiento. Los contaminantes de los sitios de eliminaci\u00f3n de cenizas han aparecido en pozos de agua potable y en cuerpos de agua cercanos y r\u00edo abajo.<\/p>\n\n\n\n<p><strong><em>Si su comunidad est\u00e1 cerca de instalaciones de eliminaci\u00f3n de cenizas de carb\u00f3n y le preocupa la salud de su familia, no est\u00e1 solo y puede encontrar ayuda para abordar estos problemas.&nbsp;<\/em><\/strong><\/p>\n\n<\/div><\/div>\n<\/div><\/div><\/div>\n\n<div class=\"gb-grid-column gb-grid-column-90cf99e5\"><div class=\"gb-container gb-container-90cf99e5\"><div class=\"gb-inside-container\">\n<div class=\"gb-container gb-container-3144abe2\"><div class=\"gb-inside-container\">\n<div class=\"gb-container gb-container-1ba54dd3\"><div class=\"gb-inside-container\">\n<div class=\"gb-container gb-container-b3257a5e\"><div class=\"gb-inside-container\">\n\n<p class=\"caption has-14-font-size\" style=\"font-size:15px\">Estanques de ceniza de carb\u00f3n de Possum Point<\/p>\n\n<\/div><\/div>\n<\/div><\/div>\n<\/div><\/div>\n\n<div class=\"gb-button-wrapper gb-button-wrapper-65312b01\">\n\n<a class=\"gb-button gb-button-a0ddfa19 gb-button-text\" href=\"https:\/\/cwaplaybook.org\/es\/playbook\/coal-ash-playbook\/\">EL LIBRO DE CENIZAS DE CARB\u00d3N<\/a>\n\n<\/div>\n<\/div><\/div><\/div>\n<\/div>\n<\/div><\/div>\n\n<div class=\"gb-container gb-container-aacc546b alignfull\"><div class=\"gb-inside-container\">\n<div class=\"gb-container gb-container-af4b10d9\"><div class=\"gb-inside-container\">\n\n<h2 class=\"wp-block-heading has-text-align-center\">\u00bfVives cerca o r\u00edo abajo?&nbsp;<br>de una central el\u00e9ctrica a carb\u00f3n o un vertedero de cenizas de carb\u00f3n?&nbsp;<\/h2>\n\n\n\n<p>Esto es lo que debe buscar...<\/p>\n\n\n\n<ul class=\"wp-block-list\">\n<li>Cambios visibles en el agua, especialmente en lluvias intensas porque puede haber fugas de metales pesados en los cuerpos de agua vecinos.&nbsp;<\/li>\n\n\n\n<li>Contaminaci\u00f3n del agua potable: pregunte a su departamento de salud local acerca de las pruebas de los pozos de agua potable y otras fuentes de agua potable.<\/li>\n\n\n\n<li>Los s\u00edntomas asociados con la exposici\u00f3n a las sustancias qu\u00edmicas que se encuentran en las cenizas de carb\u00f3n incluyen n\u00e1useas, v\u00f3mitos y da\u00f1o al sistema nervioso u otros \u00f3rganos, especialmente en los ni\u00f1os.<\/li>\n<\/ul>\n\n\n\n<p>Haga preguntas a la agencia ambiental local de su ciudad o condado sobre los planes para cerrar las plantas de energ\u00eda de manera segura y sobre la calidad del agua cerca o r\u00edo abajo de la planta de energ\u00eda. Averig\u00fce si el gobierno local o estatal monitorea regularmente el agua aguas abajo de la planta. Es importante revisar o recopilar datos que cuenten la historia.&nbsp;<\/p>\n\n\n\n<p>El monitoreo comunitario puede ser una herramienta incre\u00edblemente \u00fatil. En el caso de los contaminantes met\u00e1licos t\u00f3xicos, puede ser costoso y es necesario estar debidamente capacitado. Para que el gobierno local o estatal, o un tribunal de justicia, tome en serio los resultados, es importante que un laboratorio de confianza analice las muestras.&nbsp;<\/p>\n\n\n<div class=\"gb-button-wrapper gb-button-wrapper-42c35562\">\n\n<a class=\"gb-button gb-button-e68bf616 gb-button-text\" href=\"https:\/\/cwaplaybook.org\/es\/playbook\/coal-ash-playbook\/\">EL LIBRO DE CENIZAS DE CARB\u00d3N<\/a>\n\n<\/div>\n<\/div><\/div>\n<\/div><\/div>\n\n<div class=\"gb-container gb-container-e9d759ca\" id=\"below-the-fold\"><div class=\"gb-inside-container\">\n<div class=\"wp-block-image\">\n<figure class=\"aligncenter size-full\"><img loading=\"lazy\" decoding=\"async\" width=\"1000\" height=\"388\" src=\"https:\/\/cwaplaybook.org\/wp-content\/uploads\/2022\/12\/quantico-creek-coal-ash-ponds-2015.jpg\" alt=\"\" class=\"wp-image-1068\" srcset=\"https:\/\/cwaplaybook.org\/wp-content\/uploads\/2022\/12\/quantico-creek-coal-ash-ponds-2015.jpg 1000w, https:\/\/cwaplaybook.org\/wp-content\/uploads\/2022\/12\/quantico-creek-coal-ash-ponds-2015-300x116.jpg 300w, https:\/\/cwaplaybook.org\/wp-content\/uploads\/2022\/12\/quantico-creek-coal-ash-ponds-2015-768x298.jpg 768w\" sizes=\"auto, (max-width: 1000px) 100vw, 1000px\" \/><\/figure>\n<\/div>\n<\/div><\/div>\n\n<div class=\"gb-container gb-container-08658fc3 back-river-story alignfull\"><div class=\"gb-inside-container\">\n<div class=\"gb-container gb-container-37ac3b7f\"><div class=\"gb-inside-container\">\n\n<h2 class=\"wp-block-heading has-text-align-center\">Historias de cenizas de carb\u00f3n en los r\u00edos Potomac y Susquehanna<\/h2>\n\n\n\n<p>En Pensilvania, Maryland y Virginia, hay 21 plantas de carb\u00f3n activas y 16 plantas cerradas cada una, adem\u00e1s de numerosas instalaciones de eliminaci\u00f3n de cenizas de carb\u00f3n cercanas que amenazan o contaminan comunidades y v\u00edas fluviales.<\/p>\n\n\n\n<h3 class=\"wp-block-heading\"><strong>r\u00edo Potomac<\/strong><\/h3>\n\n\n\n<p>El <a rel=\"noreferrer noopener\" href=\"https:\/\/vimeo.com\/waterkeeperschesapeake\/toxiccoalash-possumpoint\" target=\"_blank\">historia de Possum Point<\/a> es solo un ejemplo de c\u00f3mo la identificaci\u00f3n de problemas y la participaci\u00f3n de la comunidad pueden resultar en acci\u00f3n. En este caso, la contaminaci\u00f3n del agua potable motiv\u00f3 la organizaci\u00f3n y el activismo de la comunidad, lo que condujo a una exitosa&nbsp;<a rel=\"noreferrer noopener\" href=\"https:\/\/www.potomacriverkeepernetwork.org\/major-victory-on-coal-ash\/\" target=\"_blank\">legislaci\u00f3n<\/a>&nbsp;en virginia Se exigi\u00f3 a Dominion Power, los propietarios de la planta, que cerraran y excavaran los sitios de eliminaci\u00f3n de cenizas relacionados con esta planta. Sin embargo, la legislaci\u00f3n no es una soluci\u00f3n f\u00e1cil, ni es la \u00fanica. Como se menciona en el video, Potomac Riverkeeper inicialmente asumi\u00f3 que tendr\u00edan que presentar una demanda contra Dominion Power para forzar la acci\u00f3n.&nbsp;&nbsp;<\/p>\n\n\n\n<h3 class=\"wp-block-heading\"><strong>R\u00edo medio de Susquehanna<\/strong><\/h3>\n\n\n\n<p>En el medio del r\u00edo Susquehanna, entre las ramas oeste y norte, se encuentra el&nbsp;<a rel=\"noreferrer noopener\" href=\"https:\/\/ashtracker.org\/facility\/436\/montour-steam-station\" target=\"_blank\">Estaci\u00f3n de vapor de Montour<\/a>&nbsp;en Washingtonville, una hora al norte de Harrisburg.&nbsp;<a href=\"https:\/\/ashtracker.org\/facility\/436\/montour-steam-station\" target=\"_blank\" rel=\"noreferrer noopener\">Ashtracker<\/a>&nbsp;Midi\u00f3 contaminantes por encima de los niveles seguros en el sitio, incluidos antimonio, bario, berilio, cadmio, cobalto, litio, radio y sulfato.&nbsp;<\/p>\n\n\n\n<p>En la planta de energ\u00eda a carb\u00f3n de Montour, de 49 a\u00f1os de antig\u00fcedad, un pozo sin revestimiento de 155 acres (Ash Basin 1) dise\u00f1ado para almacenar las cenizas residuales de las operaciones de la planta, se encuentra en el agua subterr\u00e1nea. Se han encontrado niveles elevados de cobalto, litio y sulfatos de las cenizas en muestras de agua subterr\u00e1nea y se han informado a la EPA. Tambi\u00e9n se han informado aumentos de boro, cloruro, calcio y ars\u00e9nico.&nbsp;<\/p>\n\n\n\n<p>Con la representaci\u00f3n legal del Environmental Integrity Project, Middle Susquehanna Riverkeeper&nbsp;<a href=\"http:\/\/www.middlesusquehannariverkeeper.org\/blog\/riverkeeper-talks-talen-montour-preserve-agreement-preps-for-next-steps-in-water-quality-preserve-work\" target=\"_blank\" rel=\"noreferrer noopener\">lleg\u00f3 a un acuerdo<\/a>&nbsp;con el propietario de la planta de energ\u00eda, Talen Energy, que requiere que cese la quema de carb\u00f3n y el uso del dep\u00f3sito de eliminaci\u00f3n de cenizas antes del 31 de diciembre de 2025, y el cierre, drenaje y tapado del pozo antes del 17 de octubre de 2028. Este El acuerdo tambi\u00e9n requiere el muestreo de aguas subterr\u00e1neas durante al menos 30 a\u00f1os para garantizar que los metales pesados y otros contaminantes no se filtren a los arroyos, aguas subterr\u00e1neas y agua potable cercanos. Tambi\u00e9n se requiere el muestreo de agua superficial y se financiar\u00e1 el Riverkeeper para que se haga cargo despu\u00e9s del primer a\u00f1o. Otras partes del acuerdo incluyen la gesti\u00f3n del agua embalsada y $1 millones en beneficio de Montour Preserve.<\/p>\n\n\n\n<h3 class=\"wp-block-heading\"><strong>Bajo el r\u00edo Susquehanna<\/strong><\/h3>\n\n\n\n<p>A orillas del r\u00edo Lower Susquehanna en el condado de York, el&nbsp;<a href=\"https:\/\/ashtracker.org\/facility\/241\/brunner-island-power-plant\">Planta de energ\u00eda de la isla Brunner<\/a>, tambi\u00e9n propiedad de Talen Energy, ha estado vertiendo residuos de cenizas de carb\u00f3n en siete estanques de cenizas sin revestimiento durante varios a\u00f1os. El Lower Susquehanna Riverkeeper encontr\u00f3 altos niveles de contaminantes t\u00f3xicos como el ars\u00e9nico en el vecino Black Gut Creek. Ashtracker tambi\u00e9n identific\u00f3 ars\u00e9nico, cadmio, cobalto, litio, molibdeno y sulfato por encima de los niveles seguros en los pozos de monitoreo de agua subterr\u00e1nea en el sitio.<\/p>\n\n\n\n<p>Lower Susquehanna Riverkeeper tambi\u00e9n trabaj\u00f3 con Environmental Integrity Project para emitir un Aviso de intenci\u00f3n de demandar a Talen Energy en agosto de 2018. Las negociaciones de conciliaci\u00f3n con la empresa y el Departamento de Protecci\u00f3n Ambiental de Pensilvania dieron como resultado <a rel=\"noreferrer noopener\" href=\"https:\/\/lowersusquehannariverkeeper.org\/current-issues\/brunner-island\/\" target=\"_blank\">un acuerdo para cerrar y excavar el estanque de ceniza restante<\/a> para junio de 2019 y diciembre de 2013, respectivamente, monitorear y abordar la fuga de contaminantes de los otros sitios de desechos cerrados y uno restante activo, pagar una multa de un mill\u00f3n de d\u00f3lares y $100,000 para proyectos de calidad de agua suplementarios en el condado en m\u00faltiples afluentes. El trabajo en las \u00e1reas de eliminaci\u00f3n de cenizas incluye abordar todas las filtraciones, evaluar la calidad del agua local y garantizar que, si hay alguna descarga, est\u00e9 permitida y cumpla con la CWA. Talen Energy tambi\u00e9n debe presentar un plan a la agencia estatal que garantice que los rellenos sanitarios, los revestimientos y los sistemas de lixiviados funcionen y se traten adecuadamente.&nbsp;<\/p>\n\n\n\n<p>Sierra Club lleg\u00f3 por separado a un acuerdo de conciliaci\u00f3n con Talen Energy para eliminar gradualmente la combusti\u00f3n de carb\u00f3n para 2028 y no quemar durante la temporada alta de smog de mayo a septiembre, a partir de 2023. La compa\u00f1\u00eda est\u00e1 agregando capacidad de combusti\u00f3n de gas natural a sus tres unidades.<\/p>\n\n\n<div class=\"gb-button-wrapper gb-button-wrapper-7527fa0f\">\n\n<a class=\"gb-button gb-button-0de3b61d gb-button-text\" href=\"https:\/\/cwaplaybook.org\/es\/playbook\/coal-ash-playbook\/\">EL LIBRO DE CENIZAS DE CARB\u00d3N<\/a>\n\n<\/div>\n<\/div><\/div>\n<\/div><\/div><div class=\"pdfprnt-buttons pdfprnt-buttons-page pdfprnt-bottom-left\"><a href=\"javascript: imageToPdf(1044)\" class=\"pdfprnt-button pdfprnt-button-pdf\" target=\"_self\" ><img decoding=\"async\" src=\"https:\/\/cwaplaybook.org\/wp-content\/plugins\/pdf-print\/images\/pdf.png\" alt=\"image_pdf\" title=\"Descargar PDF\" \/><span class=\"pdfprnt-button-title pdfprnt-button-pdf-title\">Guardar esta p\u00e1gina como PDF<\/span><\/a><\/div>","protected":false},"excerpt":{"rendered":"<p>HISTORIA 2: Estanques de cenizas de carb\u00f3n (r\u00edos Potomac y Susquahanna) \u00bfVive cerca o aguas abajo de una planta de energ\u00eda alimentada por carb\u00f3n o carb\u00f3n... <a title=\"HISTORIA 2: Estanques de cenizas de carb\u00f3n (r\u00edos Potomac y Susquehanna)\" class=\"read-more\" href=\"https:\/\/cwaplaybook.org\/es\/story-2-coal-ash\/\" aria-label=\"Leer m\u00e1s sobre HISTORIA 2: Estanques de cenizas de carb\u00f3n (r\u00edos Potomac y Susquehanna)\">Leer m\u00e1s<\/a><\/p>","protected":false},"author":1,"featured_media":0,"parent":0,"menu_order":0,"comment_status":"closed","ping_status":"closed","template":"","meta":{"footnotes":""},"class_list":["post-1044","page","type-page","status-publish"],"_links":{"self":[{"href":"https:\/\/cwaplaybook.org\/es\/wp-json\/wp\/v2\/pages\/1044","targetHints":{"allow":["GET"]}}],"collection":[{"href":"https:\/\/cwaplaybook.org\/es\/wp-json\/wp\/v2\/pages"}],"about":[{"href":"https:\/\/cwaplaybook.org\/es\/wp-json\/wp\/v2\/types\/page"}],"author":[{"embeddable":true,"href":"https:\/\/cwaplaybook.org\/es\/wp-json\/wp\/v2\/users\/1"}],"replies":[{"embeddable":true,"href":"https:\/\/cwaplaybook.org\/es\/wp-json\/wp\/v2\/comments?post=1044"}],"version-history":[{"count":0,"href":"https:\/\/cwaplaybook.org\/es\/wp-json\/wp\/v2\/pages\/1044\/revisions"}],"wp:attachment":[{"href":"https:\/\/cwaplaybook.org\/es\/wp-json\/wp\/v2\/media?parent=1044"}],"curies":[{"name":"gracias","href":"https:\/\/api.w.org\/{rel}","templated":true}]}}