{"id":1152,"date":"2023-01-05T21:42:47","date_gmt":"2023-01-05T21:42:47","guid":{"rendered":"https:\/\/cwaplaybook.org\/?page_id=1152"},"modified":"2023-03-23T19:14:48","modified_gmt":"2023-03-23T19:14:48","slug":"stormwater-sewer-systems","status":"publish","type":"page","link":"https:\/\/cwaplaybook.org\/es\/stormwater-sewer-systems\/","title":{"rendered":"Sistemas de aguas pluviales y alcantarillado"},"content":{"rendered":"<div class=\"gb-container gb-container-e9d759ca\" id=\"below-the-fold\"><div class=\"gb-inside-container\">\n\n<p>A veces, el sistema est\u00e1 dise\u00f1ado para desbordarse cuando llueve mucho. Esos sistemas conectan la recolecci\u00f3n de aguas pluviales y aguas residuales y se llaman <strong>Sistemas de alcantarillado combinado<\/strong>. Cuando se desbordan, se llaman <strong>Desbordamientos de alcantarillado combinado<\/strong>. Las ciudades de todo el pa\u00eds deben eliminar estos desbordamientos ocasionales de aguas residuales sin tratar y est\u00e1n realizando importantes inversiones para desconectar los dos sistemas o aumentar la capacidad del sistema para manejar la afluencia de lluvias intensas.&nbsp;<\/p>\n\n\n\n<p>Incluso cuando los sistemas de aguas residuales y aguas pluviales no est\u00e1n conectados, las aguas residuales sin tratar a\u00fan pueden terminar en nuestras aguas debido a la infraestructura con fugas. Cuando los sistemas llamaron <strong>Sistemas de alcantarillado separado<\/strong> est\u00e1n abrumados, el <strong>Desbordamientos de alcantarillado separados<\/strong> ocurren en las alcantarillas en la calle, a veces a trav\u00e9s de v\u00e1lvulas de alivio dise\u00f1adas en el sistema para fluir hacia los r\u00edos y, a veces, el sistema abrumado se acumula en los s\u00f3tanos y patios traseros de los propietarios en el punto m\u00e1s bajo del sistema. Estos desbordamientos tambi\u00e9n requieren inversi\u00f3n en infraestructura para solucionar el problema. Aunque son violaciones a los permisos de operaci\u00f3n, estas actualizaciones del sistema no han recibido la misma atenci\u00f3n que los desbordamientos de alcantarillado combinado.&nbsp;&nbsp;<\/p>\n\n\n\n<p>Realidades a las que nos enfrentamos. En primer lugar, el costo de dichas actualizaciones corre a cargo de la comunidad y, a menudo, las mayores necesidades se encuentran en las comunidades de bajos ingresos o de color que se han pasado por alto para la inversi\u00f3n y no pueden pagar estas actualizaciones.&nbsp;<\/p>\n\n\n\n<p>En segundo lugar, el aumento en la frecuencia e intensidad de las tormentas que traen mucha m\u00e1s lluvia debido al cambio clim\u00e1tico hace que la necesidad de estas mejoras de infraestructura sea m\u00e1s urgente.&nbsp;<\/p>\n\n\n\n<p>En tercer lugar, los desbordamientos de aguas residuales de los propietarios de viviendas privadas a menudo se experimentan en comunidades bajas de bajos ingresos. La limpieza de una acumulaci\u00f3n de aguas residuales es costosa, hay muchos problemas de salud y la conexi\u00f3n con los problemas de aguas residuales de la comunidad en general puede no ser inmediatamente obvia o f\u00e1cil de demostrar. <a href=\"https:\/\/bluewaterbaltimore.org\/learn\/threats-to-water-quality\/sewage\/\" target=\"_blank\" rel=\"noreferrer noopener\">Aprenda lo que est\u00e1 sucediendo en Baltimore.<\/a><\/p>\n\n<\/div><\/div><div class=\"pdfprnt-buttons pdfprnt-buttons-page pdfprnt-bottom-left\"><a href=\"javascript: imageToPdf(1152)\" class=\"pdfprnt-button pdfprnt-button-pdf\" target=\"_self\" ><img decoding=\"async\" src=\"https:\/\/cwaplaybook.org\/wp-content\/plugins\/pdf-print\/images\/pdf.png\" alt=\"image_pdf\" title=\"Descargar PDF\" \/><span class=\"pdfprnt-button-title pdfprnt-button-pdf-title\">Guardar esta p\u00e1gina como PDF<\/span><\/a><\/div>","protected":false},"excerpt":{"rendered":"<p>A veces el sistema est\u00e1 dise\u00f1ado para desbordarse cuando llueve mucho. Esos sistemas conectan la recolecci\u00f3n de aguas pluviales y residuales... <a title=\"Sistemas de aguas pluviales y alcantarillado\" class=\"read-more\" href=\"https:\/\/cwaplaybook.org\/es\/stormwater-sewer-systems\/\" aria-label=\"Leer m\u00e1s sobre Sistemas de aguas pluviales y alcantarillado\">Leer m\u00e1s<\/a><\/p>","protected":false},"author":1,"featured_media":1400,"parent":0,"menu_order":0,"comment_status":"closed","ping_status":"closed","template":"","meta":{"footnotes":""},"class_list":["post-1152","page","type-page","status-publish","has-post-thumbnail"],"_links":{"self":[{"href":"https:\/\/cwaplaybook.org\/es\/wp-json\/wp\/v2\/pages\/1152","targetHints":{"allow":["GET"]}}],"collection":[{"href":"https:\/\/cwaplaybook.org\/es\/wp-json\/wp\/v2\/pages"}],"about":[{"href":"https:\/\/cwaplaybook.org\/es\/wp-json\/wp\/v2\/types\/page"}],"author":[{"embeddable":true,"href":"https:\/\/cwaplaybook.org\/es\/wp-json\/wp\/v2\/users\/1"}],"replies":[{"embeddable":true,"href":"https:\/\/cwaplaybook.org\/es\/wp-json\/wp\/v2\/comments?post=1152"}],"version-history":[{"count":0,"href":"https:\/\/cwaplaybook.org\/es\/wp-json\/wp\/v2\/pages\/1152\/revisions"}],"wp:featuredmedia":[{"embeddable":true,"href":"https:\/\/cwaplaybook.org\/es\/wp-json\/wp\/v2\/media\/1400"}],"wp:attachment":[{"href":"https:\/\/cwaplaybook.org\/es\/wp-json\/wp\/v2\/media?parent=1152"}],"curies":[{"name":"gracias","href":"https:\/\/api.w.org\/{rel}","templated":true}]}}