{"id":672,"date":"2022-10-12T15:50:07","date_gmt":"2022-10-12T15:50:07","guid":{"rendered":"https:\/\/cwaplaybook.org\/?page_id=672"},"modified":"2023-03-24T13:25:30","modified_gmt":"2023-03-24T13:25:30","slug":"stories","status":"publish","type":"page","link":"https:\/\/cwaplaybook.org\/es\/stories\/","title":{"rendered":"Aprendizaje del mundo real"},"content":{"rendered":"<p>La mejor manera de entender c\u00f3mo puede hacer una diferencia en la protecci\u00f3n de sus aguas cercanas es aprender de ejemplos que son similares a los problemas en su \u00e1rea, aprender lo que otros han hecho para mejorar la situaci\u00f3n y saber cu\u00e1les son sus opciones. A continuaci\u00f3n, mencionamos tres ejemplos en la regi\u00f3n de la Bah\u00eda de Chesapeake: la contaminaci\u00f3n por aguas residuales en Back River en Baltimore, la contaminaci\u00f3n por cenizas de carb\u00f3n en los r\u00edos Susquehanna y Potomac, y las inundaciones causadas por el desarrollo irresponsable en el r\u00edo Patuxent.<\/p>\n\n\n<div class=\"gb-container gb-container-d1df43a6\"><div class=\"gb-inside-container\">\n\n<h2 class=\"gb-headline gb-headline-1efbe1ba gb-headline-text\">Historias del mundo real<\/h2>\n\n\n\n<h6 class=\"gb-headline gb-headline-badf4d7e gb-headline-text\"><em>Debemos responsabilizar a los contaminadores y las agencias<\/em><\/h6>\n\n\n\n<div style=\"height:13px\" aria-hidden=\"true\" class=\"wp-block-spacer\"><\/div>\n\n\n<div class=\"gb-grid-wrapper gb-grid-wrapper-323b48b4\">\n<div class=\"gb-grid-column gb-grid-column-556f9b86\"><div class=\"gb-container gb-container-556f9b86\"><div class=\"gb-inside-container\">\n<div class=\"gb-container gb-container-c54e640c\"><div class=\"gb-inside-container\"><\/div><\/div>\n\n<div class=\"gb-container gb-container-6a056c2e\"><div class=\"gb-inside-container\">\n<div class=\"gb-button-wrapper gb-button-wrapper-5d2d5319\">\n\n<span class=\"gb-button gb-button-8cb461a7\"><span class=\"gb-icon\"><svg aria-hidden=\"true\" role=\"img\" height=\"1em\" width=\"1em\" viewbox=\"0 0 512 512\" xmlns=\"http:\/\/www.w3.org\/2000\/svg\"><path fill=\"currentColor\" d=\"M504 256c0 136.967-111.033 248-248 248S8 392.967 8 256 119.033 8 256 8s248 111.033 248 248zM227.314 387.314l184-184c6.248-6.248 6.248-16.379 0-22.627l-22.627-22.627c-6.248-6.249-16.379-6.249-22.628 0L216 308.118l-70.059-70.059c-6.248-6.248-16.379-6.248-22.628 0l-22.627 22.627c-6.248 6.248-6.248 16.379 0 22.627l104 104c6.249 6.249 16.379 6.249 22.628.001z\"><\/path><\/svg><\/span><\/span>\n\n<\/div>\n\n\n<h4 class=\"gb-headline gb-headline-f3134c88 gb-headline-text\">aguas residuales<\/h4>\n\n\n\n<p class=\"gb-headline gb-headline-f0412872 gb-headline-text\">Blue Water Baltimore identific\u00f3 altos niveles de bacterias, grasas flotantes, aceite y grasas aguas abajo de la planta de tratamiento de aguas residuales de Back River.<\/p>\n\n\n\n<div class=\"wp-block-buttons is-content-justification-center is-layout-flex wp-container-core-buttons-is-layout-16018d1d wp-block-buttons-is-layout-flex\">\n<div class=\"wp-block-button has-custom-font-size\" style=\"font-size:16px;text-transform:uppercase\"><a class=\"wp-block-button__link wp-element-button\" href=\"https:\/\/cwaplaybook.org\/es\/story-1-raw-sewage\/\" style=\"border-radius:12px\">Ver el v\u00eddeo &amp;<br>Lea su historia<\/a><\/div>\n<\/div>\n\n<\/div><\/div>\n<\/div><\/div><\/div>\n\n<div class=\"gb-grid-column gb-grid-column-ac08f17c\"><div class=\"gb-container gb-container-ac08f17c\"><div class=\"gb-inside-container\">\n<div class=\"gb-container gb-container-35e7d9b8\"><div class=\"gb-inside-container\"><\/div><\/div>\n\n<div class=\"gb-container gb-container-6216a905\"><div class=\"gb-inside-container\">\n<div class=\"gb-button-wrapper gb-button-wrapper-1e975e1a\">\n\n<span class=\"gb-button gb-button-81934a5d\"><span class=\"gb-icon\"><svg aria-hidden=\"true\" role=\"img\" height=\"1em\" width=\"1em\" viewbox=\"0 0 512 512\" xmlns=\"http:\/\/www.w3.org\/2000\/svg\"><path fill=\"currentColor\" d=\"M504 256c0 136.967-111.033 248-248 248S8 392.967 8 256 119.033 8 256 8s248 111.033 248 248zM227.314 387.314l184-184c6.248-6.248 6.248-16.379 0-22.627l-22.627-22.627c-6.248-6.249-16.379-6.249-22.628 0L216 308.118l-70.059-70.059c-6.248-6.248-16.379-6.248-22.628 0l-22.627 22.627c-6.248 6.248-6.248 16.379 0 22.627l104 104c6.249 6.249 16.379 6.249 22.628.001z\"><\/path><\/svg><\/span><\/span>\n\n<\/div>\n\n\n<h4 class=\"gb-headline gb-headline-56ce5943 gb-headline-text\">Ceniza de carb\u00f3n<\/h4>\n\n\n\n<p class=\"gb-headline gb-headline-f1808f5e gb-headline-text\">El agua potable para las comunidades de los r\u00edos Potomac y Susquehanna estuvo expuesta a contaminantes altamente peligrosos de los estanques de cenizas de carb\u00f3n.<\/p>\n\n\n\n<div class=\"wp-block-buttons is-content-justification-center is-layout-flex wp-container-core-buttons-is-layout-16018d1d wp-block-buttons-is-layout-flex\">\n<div class=\"wp-block-button has-custom-font-size\" style=\"font-size:16px;text-transform:uppercase\"><a class=\"wp-block-button__link wp-element-button\" href=\"https:\/\/cwaplaybook.org\/es\/story-2-coal-ash\/\" style=\"border-radius:12px\">Ver el v\u00eddeo &amp;<br>Lea su historia<\/a><\/div>\n<\/div>\n\n<\/div><\/div>\n<\/div><\/div><\/div>\n\n<div class=\"gb-grid-column gb-grid-column-64d43c9d\"><div class=\"gb-container gb-container-64d43c9d\"><div class=\"gb-inside-container\">\n<div class=\"gb-container gb-container-02ad7048\"><div class=\"gb-inside-container\"><\/div><\/div>\n\n<div class=\"gb-container gb-container-623de410\"><div class=\"gb-inside-container\">\n<div class=\"gb-button-wrapper gb-button-wrapper-b139cd6e\">\n\n<span class=\"gb-button gb-button-f2a09730\"><span class=\"gb-icon\"><svg aria-hidden=\"true\" role=\"img\" height=\"1em\" width=\"1em\" viewbox=\"0 0 512 512\" xmlns=\"http:\/\/www.w3.org\/2000\/svg\"><path fill=\"currentColor\" d=\"M504 256c0 136.967-111.033 248-248 248S8 392.967 8 256 119.033 8 256 8s248 111.033 248 248zM227.314 387.314l184-184c6.248-6.248 6.248-16.379 0-22.627l-22.627-22.627c-6.248-6.249-16.379-6.249-22.628 0L216 308.118l-70.059-70.059c-6.248-6.248-16.379-6.248-22.628 0l-22.627 22.627c-6.248 6.248-6.248 16.379 0 22.627l104 104c6.249 6.249 16.379 6.249 22.628.001z\"><\/path><\/svg><\/span><\/span>\n\n<\/div>\n\n\n<h4 class=\"gb-headline gb-headline-e559b6db gb-headline-text\">Inundaci\u00f3n<\/h4>\n\n\n\n<p class=\"gb-headline gb-headline-78b80204 gb-headline-text\">Un gran desarrollo de viviendas provoc\u00f3 inundaciones extremas en una comunidad de Patuxent River, lo que provoc\u00f3 la erosi\u00f3n de la tierra y da\u00f1os a la propiedad.<\/p>\n\n\n\n<div class=\"wp-block-buttons is-content-justification-center is-layout-flex wp-container-core-buttons-is-layout-16018d1d wp-block-buttons-is-layout-flex\">\n<div class=\"wp-block-button has-custom-font-size\" style=\"font-size:16px;text-transform:uppercase\"><a class=\"wp-block-button__link wp-element-button\" href=\"https:\/\/cwaplaybook.org\/es\/story-3-flooding-patuxent-river\/\" style=\"border-radius:12px\">Ver el v\u00eddeo &amp;<br>Lea su historia<\/a><\/div>\n<\/div>\n\n<\/div><\/div>\n<\/div><\/div><\/div>\n<\/div>\n<\/div><\/div><div class=\"pdfprnt-buttons pdfprnt-buttons-page pdfprnt-bottom-left\"><a href=\"javascript: imageToPdf(672)\" class=\"pdfprnt-button pdfprnt-button-pdf\" target=\"_self\" ><img decoding=\"async\" src=\"https:\/\/cwaplaybook.org\/wp-content\/plugins\/pdf-print\/images\/pdf.png\" alt=\"image_pdf\" title=\"Descargar PDF\" \/><span class=\"pdfprnt-button-title pdfprnt-button-pdf-title\">Guardar esta p\u00e1gina como PDF<\/span><\/a><\/div>","protected":false},"excerpt":{"rendered":"<p>La mejor manera de entender c\u00f3mo puedes marcar la diferencia en la protecci\u00f3n de tus aguas cercanas es aprender de... <a title=\"Aprendizaje del mundo real\" class=\"read-more\" href=\"https:\/\/cwaplaybook.org\/es\/stories\/\" aria-label=\"Leer m\u00e1s sobre Aprendizaje en el mundo real\">Leer m\u00e1s<\/a><\/p>","protected":false},"author":1,"featured_media":1382,"parent":0,"menu_order":0,"comment_status":"closed","ping_status":"closed","template":"","meta":{"footnotes":""},"class_list":["post-672","page","type-page","status-publish","has-post-thumbnail"],"_links":{"self":[{"href":"https:\/\/cwaplaybook.org\/es\/wp-json\/wp\/v2\/pages\/672","targetHints":{"allow":["GET"]}}],"collection":[{"href":"https:\/\/cwaplaybook.org\/es\/wp-json\/wp\/v2\/pages"}],"about":[{"href":"https:\/\/cwaplaybook.org\/es\/wp-json\/wp\/v2\/types\/page"}],"author":[{"embeddable":true,"href":"https:\/\/cwaplaybook.org\/es\/wp-json\/wp\/v2\/users\/1"}],"replies":[{"embeddable":true,"href":"https:\/\/cwaplaybook.org\/es\/wp-json\/wp\/v2\/comments?post=672"}],"version-history":[{"count":0,"href":"https:\/\/cwaplaybook.org\/es\/wp-json\/wp\/v2\/pages\/672\/revisions"}],"wp:featuredmedia":[{"embeddable":true,"href":"https:\/\/cwaplaybook.org\/es\/wp-json\/wp\/v2\/media\/1382"}],"wp:attachment":[{"href":"https:\/\/cwaplaybook.org\/es\/wp-json\/wp\/v2\/media?parent=672"}],"curies":[{"name":"gracias","href":"https:\/\/api.w.org\/{rel}","templated":true}]}}