{"id":68,"date":"2022-01-21T21:52:10","date_gmt":"2022-01-21T21:52:10","guid":{"rendered":"https:\/\/summercamp.wordifysites.com\/?page_id=68"},"modified":"2023-09-08T13:05:39","modified_gmt":"2023-09-08T13:05:39","slug":"home","status":"publish","type":"page","link":"https:\/\/cwaplaybook.org\/es\/","title":{"rendered":"Hogar"},"content":{"rendered":"<div class=\"gb-container gb-container-6508c824\"><div class=\"gb-inside-container\">\n\n<p class=\"gb-headline gb-headline-59154c96 gb-headline-text\"><em><strong>\u00bfHay problemas con su agua?<\/strong><\/em><\/p>\n\n\n\n<h2 class=\"gb-headline gb-headline-e06570c3 gb-headline-text\">\u00a1Puedes hacer algo al respecto!<\/h2>\n\n\n<div class=\"gb-button-wrapper gb-button-wrapper-a7658908\">\n\n<a class=\"gb-button gb-button-b8a2815b gb-button-text\" href=\"https:\/\/cwaplaybook.org\/es\/playbook\/\">APRENDAMOS C\u00d3MO<\/a>\n\n<\/div>\n<\/div><div class=\"gb-shapes\"><div class=\"gb-shape gb-shape-1\"><svg xmlns=\"http:\/\/www.w3.org\/2000\/svg\" viewbox=\"0 0 1200 217.3\" preserveaspectratio=\"none\"><path d=\"M1200 195.6l-25-22.2c-25-21.9-75-66.9-125-75.5-50-8.9-100 17.8-150 26.7-50 8.6-100 .2-150-13.3-50-13.1-100-31.4-150-26.7-50 4.4-100 31.1-150 26.7-50-4.8-100-39.8-150-66.7C250 18.1 200-.2 150 0 100-.2 50 18.1 25 26.7L0 35.6v181.7h1200v-21.7z\"\/><\/svg><\/div><div class=\"gb-shape gb-shape-2\"><svg xmlns=\"http:\/\/www.w3.org\/2000\/svg\" viewbox=\"0 0 1200 96.2\" preserveaspectratio=\"none\"><path d=\"M0 96.2h1200V72.9l-50-8.9c-50-8.6-150-26.9-250-22.2C800 46.2 700 72.9 600 64 500 55.4 400 10.4 300 1.8 200-7.1 100 19.5 50 32.9L0 46.2v50z\"\/><\/svg><\/div><\/div><\/div>\n\n<div class=\"gb-container gb-container-af1432d2\"><div class=\"gb-inside-container\">\n<div class=\"gb-grid-wrapper gb-grid-wrapper-ef643d53\">\n<div class=\"gb-grid-column gb-grid-column-34f60349\"><div class=\"gb-container gb-container-34f60349\"><div class=\"gb-inside-container\"><\/div><\/div><\/div>\n\n<div class=\"gb-grid-column gb-grid-column-107a4d42\"><div class=\"gb-container gb-container-107a4d42\"><div class=\"gb-inside-container\">\n\n<h2 class=\"gb-headline gb-headline-1b01eec0 gb-headline-text\">Este Playbook puede ayudarlo a proteger su agua. <\/h2>\n\n\n\n<p>Este Playbook es para cualquiera que est\u00e9 preocupado por la calidad del agua en su comunidad: el agua que bebe, el agua en la que se recrea, el agua de la que obtiene su cena.<\/p>\n\n\n\n<p>La salud de su familia y vecinos puede depender de sus ojos vigilantes. USTED sabe mucho m\u00e1s sobre sus r\u00edos, arroyos y lagos que los funcionarios p\u00fablicos que los regulan.&nbsp;<\/p>\n\n\n\n<p>Puede pensar que el gobierno local, estatal o federal est\u00e1 monitoreando la calidad del agua y nos mantiene a todos a salvo de la contaminaci\u00f3n. La verdad es que no pueden estar en todas partes.<\/p>\n\n\n\n<p>Usted es parte de esa l\u00ednea cr\u00edtica de defensa de nuestras aguas.&nbsp;<\/p>\n\n<\/div><\/div><\/div>\n<\/div>\n<\/div><\/div>\n\n<div class=\"gb-container gb-container-66df2f2b\"><div class=\"gb-inside-container\">\n\n<h2 class=\"gb-headline gb-headline-83932c17 gb-headline-text\">\u00bfQu\u00e9 pasa si Superman no viene?<\/h2>\n\n\n\n<p class=\"has-text-align-center has-base-2-color has-text-color\" style=\"font-size:19px\">\u201cSi crees que involucrarte no es para ti o que no eres un l\u00edder, tengo algunas noticias para ti. Todos somos l\u00edderes. Ya no podemos darnos el lujo de quedarnos al margen, ninguno de nosotros puede hacerlo. Usted, sus hijos, sus nietos y sus vecinos necesitan un mundo mejor ahora y un legado para las generaciones futuras\u201d.<\/p>\n\n\n\n<p class=\"has-text-align-center has-base-2-color has-text-color\">- Erin Brockovich, <em>Superman no viene<\/em><\/p>\n\n\n<div class=\"gb-button-wrapper gb-button-wrapper-17eddf60\">\n\n<a class=\"gb-button gb-button-a5b59929 gb-button-text\" href=\"https:\/\/cwaplaybook.org\/es\/playbook\/\">SE TU PROPIO SUPERH\u00c9ROE<\/a>\n\n<\/div>\n<\/div><\/div>\n\n<div class=\"gb-container gb-container-d1df43a6\"><div class=\"gb-inside-container\">\n\n<h2 class=\"gb-headline gb-headline-1efbe1ba gb-headline-text\">Historias del mundo real<\/h2>\n\n\n\n<h6 class=\"gb-headline gb-headline-badf4d7e gb-headline-text\"><em>Debemos responsabilizar a los contaminadores y las agencias<\/em><\/h6>\n\n\n<div class=\"gb-grid-wrapper gb-grid-wrapper-323b48b4\">\n<div class=\"gb-grid-column gb-grid-column-556f9b86\"><div class=\"gb-container gb-container-556f9b86\"><div class=\"gb-inside-container\">\n<div class=\"gb-container gb-container-c54e640c\"><div class=\"gb-inside-container\"><\/div><\/div>\n\n<div class=\"gb-container gb-container-6a056c2e\"><div class=\"gb-inside-container\">\n<div class=\"gb-button-wrapper gb-button-wrapper-c362b307\">\n\n<span class=\"gb-button gb-button-78d2d5ce\"><span class=\"gb-icon\"><svg aria-hidden=\"true\" role=\"img\" height=\"1em\" width=\"1em\" viewbox=\"0 0 512 512\" xmlns=\"http:\/\/www.w3.org\/2000\/svg\"><path fill=\"currentColor\" d=\"M504 256c0 136.967-111.033 248-248 248S8 392.967 8 256 119.033 8 256 8s248 111.033 248 248zM227.314 387.314l184-184c6.248-6.248 6.248-16.379 0-22.627l-22.627-22.627c-6.248-6.249-16.379-6.249-22.628 0L216 308.118l-70.059-70.059c-6.248-6.248-16.379-6.248-22.628 0l-22.627 22.627c-6.248 6.248-6.248 16.379 0 22.627l104 104c6.249 6.249 16.379 6.249 22.628.001z\"><\/path><\/svg><\/span><\/span>\n\n<\/div>\n\n\n<h4 class=\"gb-headline gb-headline-f3134c88 gb-headline-text\">aguas residuales<\/h4>\n\n\n\n<p class=\"gb-headline gb-headline-f0412872 gb-headline-text\">En 2021, el r\u00edo Back en Baltimore se contamin\u00f3 con aguas residuales sin tratar, exceso de nutrientes y otros contaminantes de la planta de aguas residuales del r\u00edo Back.&nbsp;<\/p>\n\n\n\n<div class=\"wp-block-buttons is-content-justification-center is-layout-flex wp-container-core-buttons-is-layout-16018d1d wp-block-buttons-is-layout-flex\">\n<div class=\"wp-block-button has-custom-width wp-block-button__width-100\"><a class=\"wp-block-button__link wp-element-button\" href=\"https:\/\/cwaplaybook.org\/es\/story-1-raw-sewage\/\" style=\"border-radius:6px\">Ver el v\u00eddeo &amp;<br>Lea su historia<\/a><\/div>\n<\/div>\n\n<\/div><\/div>\n<\/div><\/div><\/div>\n\n<div class=\"gb-grid-column gb-grid-column-ac08f17c\"><div class=\"gb-container gb-container-ac08f17c\"><div class=\"gb-inside-container\">\n<div class=\"gb-container gb-container-35e7d9b8\"><div class=\"gb-inside-container\"><\/div><\/div>\n\n<div class=\"gb-container gb-container-6216a905\"><div class=\"gb-inside-container\">\n<div class=\"gb-button-wrapper gb-button-wrapper-1e975e1a\">\n\n<span class=\"gb-button gb-button-81934a5d\"><span class=\"gb-icon\"><svg aria-hidden=\"true\" role=\"img\" height=\"1em\" width=\"1em\" viewbox=\"0 0 512 512\" xmlns=\"http:\/\/www.w3.org\/2000\/svg\"><path fill=\"currentColor\" d=\"M504 256c0 136.967-111.033 248-248 248S8 392.967 8 256 119.033 8 256 8s248 111.033 248 248zM227.314 387.314l184-184c6.248-6.248 6.248-16.379 0-22.627l-22.627-22.627c-6.248-6.249-16.379-6.249-22.628 0L216 308.118l-70.059-70.059c-6.248-6.248-16.379-6.248-22.628 0l-22.627 22.627c-6.248 6.248-6.248 16.379 0 22.627l104 104c6.249 6.249 16.379 6.249 22.628.001z\"><\/path><\/svg><\/span><\/span>\n\n<\/div>\n\n\n<h4 class=\"gb-headline gb-headline-56ce5943 gb-headline-text\">Ceniza de carb\u00f3n<\/h4>\n\n\n\n<p class=\"gb-headline gb-headline-f1808f5e gb-headline-text\">El agua potable para las comunidades de los r\u00edos Potomac y Susquehanna estuvo expuesta a contaminantes altamente peligrosos de los estanques de cenizas de carb\u00f3n.<\/p>\n\n\n\n<div class=\"wp-block-buttons is-content-justification-center is-layout-flex wp-container-core-buttons-is-layout-16018d1d wp-block-buttons-is-layout-flex\">\n<div class=\"wp-block-button has-custom-width wp-block-button__width-100\"><a class=\"wp-block-button__link wp-element-button\" href=\"https:\/\/cwaplaybook.org\/es\/story-2-coal-ash\/\" style=\"border-radius:6px\">Ver el v\u00eddeo &amp;<br>Lea su historia<\/a><\/div>\n<\/div>\n\n<\/div><\/div>\n<\/div><\/div><\/div>\n\n<div class=\"gb-grid-column gb-grid-column-64d43c9d\"><div class=\"gb-container gb-container-64d43c9d\"><div class=\"gb-inside-container\">\n<div class=\"gb-container gb-container-02ad7048\"><div class=\"gb-inside-container\"><\/div><\/div>\n\n<div class=\"gb-container gb-container-623de410\"><div class=\"gb-inside-container\">\n<div class=\"gb-button-wrapper gb-button-wrapper-b139cd6e\">\n\n<span class=\"gb-button gb-button-f2a09730\"><span class=\"gb-icon\"><svg aria-hidden=\"true\" role=\"img\" height=\"1em\" width=\"1em\" viewbox=\"0 0 512 512\" xmlns=\"http:\/\/www.w3.org\/2000\/svg\"><path fill=\"currentColor\" d=\"M504 256c0 136.967-111.033 248-248 248S8 392.967 8 256 119.033 8 256 8s248 111.033 248 248zM227.314 387.314l184-184c6.248-6.248 6.248-16.379 0-22.627l-22.627-22.627c-6.248-6.249-16.379-6.249-22.628 0L216 308.118l-70.059-70.059c-6.248-6.248-16.379-6.248-22.628 0l-22.627 22.627c-6.248 6.248-6.248 16.379 0 22.627l104 104c6.249 6.249 16.379 6.249 22.628.001z\"><\/path><\/svg><\/span><\/span>\n\n<\/div>\n\n\n<h4 class=\"gb-headline gb-headline-e559b6db gb-headline-text\">Inundaci\u00f3n<\/h4>\n\n\n\n<p class=\"gb-headline gb-headline-78b80204 gb-headline-text\">Un gran desarrollo de viviendas provoc\u00f3 inundaciones extremas en una comunidad de Patuxent River, lo que provoc\u00f3 la erosi\u00f3n de la tierra y da\u00f1os a la propiedad.<\/p>\n\n\n\n<div class=\"wp-block-buttons is-content-justification-center is-layout-flex wp-container-core-buttons-is-layout-16018d1d wp-block-buttons-is-layout-flex\">\n<div class=\"wp-block-button has-custom-width wp-block-button__width-100\"><a class=\"wp-block-button__link wp-element-button\" href=\"https:\/\/cwaplaybook.org\/es\/story-3-flooding-patuxent-river\/\" style=\"border-radius:6px\">Ver el v\u00eddeo &amp;<br>Lea su historia<\/a><\/div>\n<\/div>\n\n<\/div><\/div>\n<\/div><\/div><\/div>\n<\/div>\n<\/div><\/div>\n\n<div class=\"gb-container gb-container-adc68a7c\"><div class=\"gb-inside-container\">\n<div class=\"gb-grid-wrapper gb-grid-wrapper-eff040ee\">\n<div class=\"gb-grid-column gb-grid-column-446e6da7\"><div class=\"gb-container gb-container-446e6da7\"><div class=\"gb-inside-container\">\n\n<h2 class=\"wp-block-heading has-text-align-center has-base-2-color has-text-color\" style=\"font-size:31px;text-transform:uppercase\">tienes derecho a<\/h2>\n\n\n\n<h3 class=\"gb-headline gb-headline-fa64e704\"><span class=\"gb-icon\"><svg aria-hidden=\"true\" role=\"img\" height=\"1em\" width=\"1em\" viewbox=\"0 0 512 512\" xmlns=\"http:\/\/www.w3.org\/2000\/svg\"><path fill=\"currentColor\" d=\"M256 8C119.033 8 8 119.033 8 256s111.033 248 248 248 248-111.033 248-248S392.967 8 256 8zm0 48c110.532 0 200 89.451 200 200 0 110.532-89.451 200-200 200-110.532 0-200-89.451-200-200 0-110.532 89.451-200 200-200m140.204 130.267l-22.536-22.718c-4.667-4.705-12.265-4.736-16.97-.068L215.346 303.697l-59.792-60.277c-4.667-4.705-12.265-4.736-16.97-.069l-22.719 22.536c-4.705 4.667-4.736 12.265-.068 16.971l90.781 91.516c4.667 4.705 12.265 4.736 16.97.068l172.589-171.204c4.704-4.668 4.734-12.266.067-16.971z\"><\/path><\/svg><\/span><span class=\"gb-headline-text\">Agua limpia.<\/span><\/h3>\n\n\n\n<h3 class=\"gb-headline gb-headline-3ebdc6d7\"><span class=\"gb-icon\"><svg aria-hidden=\"true\" role=\"img\" height=\"1em\" width=\"1em\" viewbox=\"0 0 512 512\" xmlns=\"http:\/\/www.w3.org\/2000\/svg\"><path fill=\"currentColor\" d=\"M256 8C119.033 8 8 119.033 8 256s111.033 248 248 248 248-111.033 248-248S392.967 8 256 8zm0 48c110.532 0 200 89.451 200 200 0 110.532-89.451 200-200 200-110.532 0-200-89.451-200-200 0-110.532 89.451-200 200-200m140.204 130.267l-22.536-22.718c-4.667-4.705-12.265-4.736-16.97-.068L215.346 303.697l-59.792-60.277c-4.667-4.705-12.265-4.736-16.97-.069l-22.719 22.536c-4.705 4.667-4.736 12.265-.068 16.971l90.781 91.516c4.667 4.705 12.265 4.736 16.97.068l172.589-171.204c4.704-4.668 4.734-12.266.067-16.971z\"><\/path><\/svg><\/span><span class=\"gb-headline-text\">La oportunidad de nadar con seguridad.<\/span><\/h3>\n\n\n\n<h3 class=\"gb-headline gb-headline-a450ae78\"><span class=\"gb-icon\"><svg xmlns=\"http:\/\/www.w3.org\/2000\/svg\" viewbox=\"0 0 512 512\" width=\"1em\" height=\"1em\" aria-hidden=\"true\"><path d=\"M256 8C119.033 8 8 119.033 8 256s111.033 248 248 248 248-111.033 248-248S392.967 8 256 8zm0 48c110.532 0 200 89.451 200 200 0 110.532-89.451 200-200 200-110.532 0-200-89.451-200-200 0-110.532 89.451-200 200-200m140.204 130.267l-22.536-22.718c-4.667-4.705-12.265-4.736-16.97-.068L215.346 303.697l-59.792-60.277c-4.667-4.705-12.265-4.736-16.97-.069l-22.719 22.536c-4.705 4.667-4.736 12.265-.068 16.971l90.781 91.516c4.667 4.705 12.265 4.736 16.97.068l172.589-171.204c4.704-4.668 4.734-12.266.067-16.971z\" fill=\"currentColor\"><\/path><\/svg><\/span><span class=\"gb-headline-text\">El privilegio de comer el pescado que pescas.<\/span><\/h3>\n\n\n\n<h3 class=\"gb-headline gb-headline-aeecfc95\"><span class=\"gb-icon\"><svg xmlns=\"http:\/\/www.w3.org\/2000\/svg\" viewbox=\"0 0 512 512\" width=\"1em\" height=\"1em\" aria-hidden=\"true\"><path d=\"M256 8C119.033 8 8 119.033 8 256s111.033 248 248 248 248-111.033 248-248S392.967 8 256 8zm0 48c110.532 0 200 89.451 200 200 0 110.532-89.451 200-200 200-110.532 0-200-89.451-200-200 0-110.532 89.451-200 200-200m140.204 130.267l-22.536-22.718c-4.667-4.705-12.265-4.736-16.97-.068L215.346 303.697l-59.792-60.277c-4.667-4.705-12.265-4.736-16.97-.069l-22.719 22.536c-4.705 4.667-4.736 12.265-.068 16.971l90.781 91.516c4.667 4.705 12.265 4.736 16.97.068l172.589-171.204c4.704-4.668 4.734-12.266.067-16.971z\" fill=\"currentColor\"><\/path><\/svg><\/span><span class=\"gb-headline-text\">Agua potable segura del grifo.<\/span><\/h3>\n\n<\/div><\/div><\/div>\n\n<div class=\"gb-grid-column gb-grid-column-a3913ba2\"><div class=\"gb-container gb-container-a3913ba2\"><div class=\"gb-inside-container\">\n\n<h2 class=\"gb-headline gb-headline-c5ee3565 gb-headline-text\">\u00bfQu\u00e9 es la Ley de Agua Limpia?<\/h2>\n\n\n\n<p>La Ley de Agua Limpia es una ley federal que se implementa sustancialmente a nivel estatal. La implementaci\u00f3n estatal tiene la intenci\u00f3n de llegar al nivel local mediante la concesi\u00f3n de permisos para instalaciones y actividades, y el establecimiento de est\u00e1ndares que se aplican a cuerpos de agua espec\u00edficos.<\/p>\n\n\n<div class=\"gb-button-wrapper gb-button-wrapper-22cf5247\">\n\n<a class=\"gb-button gb-button-58c7266e gb-button-text\" href=\"https:\/\/cwaplaybook.org\/es\/cwa-basics\/\">OBTENGA LO B\u00c1SICO<\/a>\n\n<\/div>\n<\/div><\/div><\/div>\n<\/div>\n<\/div><\/div><div class=\"pdfprnt-buttons pdfprnt-buttons-page pdfprnt-bottom-left\"><a href=\"javascript: imageToPdf(68)\" class=\"pdfprnt-button pdfprnt-button-pdf\" target=\"_self\" ><img decoding=\"async\" src=\"https:\/\/cwaplaybook.org\/wp-content\/plugins\/pdf-print\/images\/pdf.png\" alt=\"image_pdf\" title=\"Descargar PDF\" \/><span class=\"pdfprnt-button-title pdfprnt-button-pdf-title\">Guardar esta p\u00e1gina como PDF<\/span><\/a><\/div>","protected":false},"excerpt":{"rendered":"<p>\u00bfHay problemas con su agua? \u00a1Puedes hacer algo al respecto! \u00bfQu\u00e9 pasa si Superman no viene? &quot;Si piensas \u2026 <a title=\"Hogar\" class=\"read-more\" href=\"https:\/\/cwaplaybook.org\/es\/\" aria-label=\"Leer m\u00e1s sobre Inicio\">Leer m\u00e1s<\/a><\/p>","protected":false},"author":1,"featured_media":0,"parent":0,"menu_order":0,"comment_status":"closed","ping_status":"closed","template":"","meta":{"footnotes":""},"class_list":["post-68","page","type-page","status-publish"],"_links":{"self":[{"href":"https:\/\/cwaplaybook.org\/es\/wp-json\/wp\/v2\/pages\/68","targetHints":{"allow":["GET"]}}],"collection":[{"href":"https:\/\/cwaplaybook.org\/es\/wp-json\/wp\/v2\/pages"}],"about":[{"href":"https:\/\/cwaplaybook.org\/es\/wp-json\/wp\/v2\/types\/page"}],"author":[{"embeddable":true,"href":"https:\/\/cwaplaybook.org\/es\/wp-json\/wp\/v2\/users\/1"}],"replies":[{"embeddable":true,"href":"https:\/\/cwaplaybook.org\/es\/wp-json\/wp\/v2\/comments?post=68"}],"version-history":[{"count":0,"href":"https:\/\/cwaplaybook.org\/es\/wp-json\/wp\/v2\/pages\/68\/revisions"}],"wp:attachment":[{"href":"https:\/\/cwaplaybook.org\/es\/wp-json\/wp\/v2\/media?parent=68"}],"curies":[{"name":"gracias","href":"https:\/\/api.w.org\/{rel}","templated":true}]}}