{"id":794,"date":"2022-10-13T16:35:14","date_gmt":"2022-10-13T16:35:14","guid":{"rendered":"https:\/\/cwaplaybook.org\/?page_id=794"},"modified":"2023-05-17T14:48:53","modified_gmt":"2023-05-17T14:48:53","slug":"story-1-raw-sewage","status":"publish","type":"page","link":"https:\/\/cwaplaybook.org\/es\/story-1-raw-sewage\/","title":{"rendered":"HISTORIA 1: Aguas residuales sin tratar (Puerto de Baltimore \u2013 Back River)"},"content":{"rendered":"<div class=\"gb-container gb-container-9376e5de alignfull\"><div class=\"gb-inside-container\">\n\n<div style=\"padding:56.25% 0 0 0;position:relative;\"><iframe src=\"https:\/\/player.vimeo.com\/video\/761165495?h=0cf2596a3f&amp;title=0&amp;byline=0&amp;portrait=0\" style=\"position:absolute;top:0;left:0;width:100%;height:100%;\" frameborder=\"0\" allow=\"autoplay; fullscreen; picture-in-picture\" allowfullscreen=\"\"><\/iframe><\/div><script src=\"https:\/\/player.vimeo.com\/api\/player.js\"><\/script>\n\n<\/div><div class=\"gb-shapes\"><div class=\"gb-shape gb-shape-1\"><svg xmlns=\"http:\/\/www.w3.org\/2000\/svg\" viewbox=\"0 0 1200 217.3\" preserveaspectratio=\"none\"><path d=\"M1200 195.6l-25-22.2c-25-21.9-75-66.9-125-75.5-50-8.9-100 17.8-150 26.7-50 8.6-100 .2-150-13.3-50-13.1-100-31.4-150-26.7-50 4.4-100 31.1-150 26.7-50-4.8-100-39.8-150-66.7C250 18.1 200-.2 150 0 100-.2 50 18.1 25 26.7L0 35.6v181.7h1200v-21.7z\"\/><\/svg><\/div><\/div><\/div>\n\n<div class=\"gb-container gb-container-e812122f\"><div class=\"gb-inside-container\">\n\n<div style=\"height:60px\" aria-hidden=\"true\" class=\"wp-block-spacer\"><\/div>\n\n\n\n<h1 class=\"wp-block-heading has-text-align-center\" style=\"font-size:48px\">HISTORIA 1: Aguas residuales sin tratar<br>(Puerto de Baltimore \u2013 R\u00edo trasero)<\/h1>\n\n\n\n<div style=\"height:20px\" aria-hidden=\"true\" class=\"wp-block-spacer\"><\/div>\n\n<\/div><\/div>\n\n<div class=\"gb-container gb-container-c22b2c15\"><div class=\"gb-inside-container\">\n<div class=\"gb-grid-wrapper gb-grid-wrapper-3766819f\">\n<div class=\"gb-grid-column gb-grid-column-1e6167fc\"><div class=\"gb-container gb-container-1e6167fc\"><div class=\"gb-inside-container\">\n<div class=\"gb-container gb-container-52a06d36\"><div class=\"gb-inside-container\">\n\n<h2 class=\"gb-headline gb-headline-1a4f9dad gb-headline-text\">\u00bfPor qu\u00e9 las aguas residuales sin tratar son malas?<\/h2>\n\n\n\n<p>En muchas ciudades, e incluso en pueblos m\u00e1s peque\u00f1os, las aguas residuales terminan en v\u00edas fluviales, s\u00f3tanos y patios traseros porque los sistemas de tratamiento (plantas de tratamiento de aguas residuales y tuber\u00edas que llevan las aguas residuales a la planta de tratamiento) est\u00e1n fallando. Esto se debe a menudo a que son muy viejos y est\u00e1n en mal estado, a veces m\u00e1s viejos que cualquier ser humano vivo. En Baltimore, la planta de tratamiento de aguas residuales de Back River ha estado fallando de esta manera.<\/p>\n\n\n\n<h3 class=\"wp-block-heading\">A qui\u00e9n y qu\u00e9 usos del agua est\u00e1 perjudicando<\/h3>\n\n\n\n<p>Las personas que viven, trabajan y se divierten a lo largo de la parte baja del r\u00edo Back sufrieron da\u00f1os por su exposici\u00f3n a bacterias peligrosas de aguas residuales parcialmente no tratadas y otros contaminantes en la descarga proveniente del r\u00edo <a rel=\"noreferrer noopener\" href=\"#\/back-river-story\" data-type=\"internal\" data-id=\"#\/back-river-story\" target=\"_blank\">agua trasera <\/a><a rel=\"noreferrer noopener\" href=\"#\/back-river-story\" data-type=\"internal\" data-id=\"#\/back-river-story\" target=\"_blank\">T<\/a><a rel=\"noreferrer noopener\" href=\"#\/back-river-story\" data-type=\"internal\" data-id=\"#\/back-river-story\" target=\"_blank\">planta de tratamiento<\/a>. Tambi\u00e9n es probable que las especies que dependen del r\u00edo se vean afectadas negativamente, lo que puede afectar la pesca recreativa y comercial.<\/p>\n\n\n\n<p><em><strong>Si su comunidad est\u00e1 experimentando alguno de estos problemas, no est\u00e1 solo y puede encontrar ayuda para abordar estos problemas.&nbsp;<\/strong><\/em><\/p>\n\n\n<div class=\"gb-button-wrapper gb-button-wrapper-65312b01\">\n\n<a class=\"gb-button gb-button-a0ddfa19 gb-button-text\" href=\"https:\/\/cwaplaybook.org\/es\/playbook\/sewage-playbook\/\">EL LIBRO DE AGUAS RESIDUALES<\/a>\n\n<\/div>\n<\/div><\/div>\n<\/div><\/div><\/div>\n\n<div class=\"gb-grid-column gb-grid-column-3144abe2\"><div class=\"gb-container gb-container-3144abe2\"><div class=\"gb-inside-container\">\n<div class=\"gb-container gb-container-1ba54dd3\"><div class=\"gb-inside-container\">\n<div class=\"gb-container gb-container-b3257a5e\"><div class=\"gb-inside-container\">\n\n<p class=\"caption has-14-font-size\" style=\"font-size:15px\">Una foto de una inspecci\u00f3n realizada el 28 de marzo de 2022 por el Departamento de Medio Ambiente de Maryland muestra peces muertos y lo que un inspector describi\u00f3 como &quot;sedimento oscuro pesado&quot; depositado a lo largo de la costa de Back River cerca de un desag\u00fce para la planta de tratamiento de aguas residuales de Back River en Baltimore. (<a rel=\"noreferrer noopener\" href=\"https:\/\/www.bayjournal.com\/news\/pollution\/maryland-moves-to-take-over-troubled-baltimore-sewage-treatment-plant\/article_49ad7cc2-ae46-11ec-973e-9387c18d6860.html\" target=\"_blank\">Departamento de Medio Ambiente de Maryland<\/a>)&nbsp;<\/p>\n\n<\/div><\/div>\n<\/div><\/div>\n<\/div><\/div><\/div>\n<\/div>\n<\/div><\/div>\n\n<div class=\"gb-container gb-container-aacc546b alignfull\"><div class=\"gb-inside-container\">\n<div class=\"gb-container gb-container-af4b10d9\"><div class=\"gb-inside-container\">\n\n<h2 class=\"wp-block-heading has-text-align-center\">\u00bfVives cerca o r\u00edo abajo? <br>de una planta de tratamiento de aguas residuales?&nbsp;<\/h2>\n\n\n\n<p>Esto es lo que debe buscar...<\/p>\n\n\n\n<ul class=\"wp-block-list\">\n<li>Cambios visibles en el agua, especialmente en lluvias intensas porque puede haber tuber\u00edas con fugas o conexiones cruzadas con el sistema de aguas pluviales.&nbsp;<\/li>\n\n\n\n<li>Residuos sanitarios que salen de las tuber\u00edas al r\u00edo.<\/li>\n\n\n\n<li>Nuevos olores cerca de tuber\u00edas o tapas de alcantarillas.<\/li>\n\n\n\n<li>El agua brotaba de las tapas de las alcantarillas.<\/li>\n\n\n\n<li>Vecindarios que enfrentan desbordamientos de aguas residuales.<\/li>\n<\/ul>\n\n\n\n<p>Haga preguntas a la agencia ambiental de su ciudad o condado local sobre la calidad del agua aguas abajo de la planta de tratamiento. Averig\u00fce si el gobierno local o estatal monitorea regularmente el agua aguas abajo de la planta de tratamiento de aguas residuales. Es importante revisar o recopilar datos que cuenten la historia.&nbsp;<\/p>\n\n\n\n<p>El monitoreo comunitario puede ser una herramienta incre\u00edblemente \u00fatil. Para muchos contaminantes, no es tan complicado, sin embargo, debe estar debidamente capacitado. Para que el gobierno local o estatal, o un tribunal de justicia, tome en serio los resultados, es importante que un laboratorio de confianza tambi\u00e9n analice las muestras.&nbsp;<\/p>\n\n\n<div class=\"gb-button-wrapper gb-button-wrapper-f3b42031\">\n\n<a class=\"gb-button gb-button-f4783b92 gb-button-text\" href=\"https:\/\/cwaplaybook.org\/es\/playbook\/sewage-playbook\/\">EL LIBRO DE AGUAS RESIDUALES<\/a>\n\n<\/div>\n<\/div><\/div>\n<\/div><\/div>\n\n<div class=\"gb-container gb-container-08658fc3 back-river-story alignfull\"><div class=\"gb-inside-container\">\n<div class=\"gb-container gb-container-37ac3b7f\"><div class=\"gb-inside-container\">\n\n<h2 class=\"wp-block-heading has-text-align-center\">Lo que pas\u00f3 en el r\u00edo Back<\/h2>\n\n\n\n<p>En 2021, el r\u00edo Back en Baltimore se contamin\u00f3 con aguas residuales sin tratar, exceso de nutrientes y otros contaminantes de las aguas residuales dom\u00e9sticas. La planta de aguas residuales de Back River es la planta de tratamiento de aguas residuales m\u00e1s grande de Maryland (180 MGD), y procesa las aguas residuales de aproximadamente 1,3 millones de residentes. En 2021, no trat\u00f3 las aguas residuales que le llegaban desde un \u00e1rea de 140 millas cuadradas del condado y la ciudad de Baltimore.<\/p>\n\n\n\n<p>A trav\u00e9s del monitoreo de rutina, Blue Water Baltimore identific\u00f3 altos niveles de bacterias, grasas flotantes, aceite y grasa r\u00edo abajo de la planta de tratamiento de aguas residuales de Patapsco en el vecino r\u00edo Patapsco al sur de Back River. Ambas aguas desembocan en la bah\u00eda de Chesapeake. Cuando el Departamento de Medio Ambiente de Maryland (MDE) inspeccion\u00f3 la planta, encontraron violaciones flagrantes, lo que los llev\u00f3 a inspeccionar tambi\u00e9n la Planta de Tratamiento de Aguas Residuales de Back River, donde encontraron violaciones similares.<\/p>\n\n\n\n<p>Los informes de inspecci\u00f3n del Departamento de Medio Ambiente de Maryland han capturado violaciones que han estado en curso durante m\u00e1s de un a\u00f1o, pero hasta marzo de 2022, cuando el estado se hizo cargo de la operaci\u00f3n de la planta, no se hab\u00eda hecho nada paralelo a la gravedad de las violaciones para abordar los problemas. . En marzo de 2022, los residentes informaron la muerte de un pez y varios s\u00f3lidos negros flotando en el r\u00edo. En abril de 2022, <a rel=\"noreferrer noopener\" href=\"https:\/\/bluewaterbaltimore.org\/blog\/press-release-health-advisory\/\" target=\"_blank\">MDE emiti\u00f3 un aviso de salud<\/a> para el r\u00edo<\/p>\n\n\n\n<h3 class=\"wp-block-heading\">\u00bfQu\u00e9 hicieron las organizaciones locales al respecto?<\/h3>\n\n\n\n<p>Blue Water Baltimore document\u00f3 que la planta de tratamiento de Back River hab\u00eda violado su permiso al menos 138 veces para varios contaminantes, incluidos nitr\u00f3geno, f\u00f3sforo, TSS, E. Coli y BOD entre enero de 2017 y septiembre de 2021.<\/p>\n\n\n\n<p>Blue Water Baltimore se asoci\u00f3 con el grupo comunitario Back River Restoration Committee para proporcionar <a rel=\"noreferrer noopener\" href=\"https:\/\/bluewaterbaltimore.org\/blog\/community-science-in-back-river\/\" target=\"_blank\">kits de entrenamiento y prueba para tomar muestras de bacterias<\/a> (en forma de Enterococcus) en las aguas aguas abajo de la planta de tratamiento de aguas residuales de Back River. En mayo de 2022, 28 miembros del Comit\u00e9 recolectaron muestras. De ese evento de un d\u00eda, siete muestras violaron el est\u00e1ndar estatal para bacterias (Enterococcus) que es 130 MPN\/100 mL. En agosto, <a rel=\"noreferrer noopener\" href=\"https:\/\/bluewaterbaltimore.org\/blog\/back-river-community-science-round-two\/\" target=\"_blank\">probaron de nuevo<\/a>. Estos eventos de muestreo por s\u00ed solos no pueden definir la calidad del agua ni dar como resultado una acci\u00f3n regulatoria, pero pueden proporcionar informaci\u00f3n de detecci\u00f3n para el monitoreo continuo y resaltar posibles preocupaciones, e involucrar al residente en el proceso de encontrar una soluci\u00f3n al problema.&nbsp;&nbsp;<\/p>\n\n\n\n<p>Despu\u00e9s de identificar, informar e instar a la acci\u00f3n sobre los problemas en Back River, Blue Water Baltimore, junto con su equipo legal de Chesapeake Legal Alliance y Barley Snyder, demand\u00f3 al alcalde de la ciudad de Baltimore y al concejo municipal en diciembre de 2021.<\/p>\n\n\n\n<p>El estado de Maryland sigui\u00f3 con una demanda contra la ciudad de Baltimore en el Tribunal de Circuito de la ciudad de Baltimore en enero de 2022 en busca de sanciones civiles y una orden judicial. En marzo de 2022, el estado tom\u00f3 el control de la planta de Back River despu\u00e9s de que los residentes informaran sobre la muerte de peces y los inspectores documentaran el deterioro de las condiciones. En junio de 2022, Blue Water Baltimore demand\u00f3 al alcalde de la ciudad de Baltimore y al concejo municipal por medidas cautelares en la planta de tratamiento de Back River, as\u00ed como en la vecina planta de tratamiento de aguas residuales de Patapsco. La demanda requer\u00eda que los problemas de salud y seguridad en curso se atendieran de inmediato y que se colocaran carteles de advertencia de salud en las \u00e1reas de recreaci\u00f3n de aguas abajo. <a rel=\"noreferrer noopener\" href=\"https:\/\/bluewaterbaltimore.org\/blog\/wastewater-treatment-plant-update\/\" target=\"_blank\">A partir de octubre de 2022<\/a>, la planta hab\u00eda cumplido con las condiciones de su permiso para junio, julio y agosto, pero las condiciones en la planta no eran adecuadas para que el estado renunciara al control. Sin la presi\u00f3n de Blue Water Baltimore y su equipo legal, gran parte del progreso no se habr\u00eda logrado. Para mantenerse actualizado sobre el progreso en la planta de aguas residuales de Back River, visite <a rel=\"noreferrer noopener\" href=\"https:\/\/bluewaterbaltimore.org\" target=\"_blank\">https:\/\/bluewaterbaltimore.org<\/a>.<\/p>\n\n<\/div><\/div>\n<\/div><\/div>\n\n<div class=\"gb-container gb-container-50b2d2df\"><div class=\"gb-inside-container\"><\/div><\/div>\n\n<div class=\"gb-button-wrapper gb-button-wrapper-2c280ad1\">\n\n<a class=\"gb-button gb-button-422b3056 gb-button-text\" href=\"https:\/\/cwaplaybook.org\/es\/playbook\/sewage-playbook\/\">el libro de jugadas de aguas residuales<\/a>\n\n\n\n<a class=\"gb-button gb-button-324f27b6 gb-button-text\" href=\"https:\/\/cwaplaybook.org\/es\/stormwater-sewer-systems\/\">Sistemas de aguas pluviales y alcantarillado<\/a>\n\n<\/div><div class=\"pdfprnt-buttons pdfprnt-buttons-page pdfprnt-bottom-left\"><a href=\"javascript: imageToPdf(794)\" class=\"pdfprnt-button pdfprnt-button-pdf\" target=\"_self\" ><img decoding=\"async\" src=\"https:\/\/cwaplaybook.org\/wp-content\/plugins\/pdf-print\/images\/pdf.png\" alt=\"image_pdf\" title=\"Descargar PDF\" \/><span class=\"pdfprnt-button-title pdfprnt-button-pdf-title\">Guardar esta p\u00e1gina como PDF<\/span><\/a><\/div>","protected":false},"excerpt":{"rendered":"<p>HISTORIA 1: Aguas residuales sin tratar (Puerto de Baltimore \u2013 Back River) \u00bfVive cerca o aguas abajo de una planta de tratamiento de aguas residuales? Aqu\u00ed est\u00e1\u2026 <a title=\"HISTORIA 1: Aguas residuales sin tratar (Puerto de Baltimore \u2013 Back River)\" class=\"read-more\" href=\"https:\/\/cwaplaybook.org\/es\/story-1-raw-sewage\/\" aria-label=\"Leer m\u00e1s sobre HISTORIA 1: Aguas residuales sin tratar (puerto de Baltimore \u2013 r\u00edo Back)\">Leer m\u00e1s<\/a><\/p>","protected":false},"author":1,"featured_media":0,"parent":0,"menu_order":0,"comment_status":"closed","ping_status":"closed","template":"","meta":{"footnotes":""},"class_list":["post-794","page","type-page","status-publish"],"_links":{"self":[{"href":"https:\/\/cwaplaybook.org\/es\/wp-json\/wp\/v2\/pages\/794","targetHints":{"allow":["GET"]}}],"collection":[{"href":"https:\/\/cwaplaybook.org\/es\/wp-json\/wp\/v2\/pages"}],"about":[{"href":"https:\/\/cwaplaybook.org\/es\/wp-json\/wp\/v2\/types\/page"}],"author":[{"embeddable":true,"href":"https:\/\/cwaplaybook.org\/es\/wp-json\/wp\/v2\/users\/1"}],"replies":[{"embeddable":true,"href":"https:\/\/cwaplaybook.org\/es\/wp-json\/wp\/v2\/comments?post=794"}],"version-history":[{"count":0,"href":"https:\/\/cwaplaybook.org\/es\/wp-json\/wp\/v2\/pages\/794\/revisions"}],"wp:attachment":[{"href":"https:\/\/cwaplaybook.org\/es\/wp-json\/wp\/v2\/media?parent=794"}],"curies":[{"name":"gracias","href":"https:\/\/api.w.org\/{rel}","templated":true}]}}