{"id":917,"date":"2022-12-16T23:28:33","date_gmt":"2022-12-16T23:28:33","guid":{"rendered":"https:\/\/cwaplaybook.org\/?page_id=917"},"modified":"2023-05-17T15:42:59","modified_gmt":"2023-05-17T15:42:59","slug":"sewage-playbook","status":"publish","type":"page","link":"https:\/\/cwaplaybook.org\/es\/playbook\/sewage-playbook\/","title":{"rendered":"Libro de jugadas de aguas residuales"},"content":{"rendered":"<div class=\"gb-container gb-container-54c43cd7\"><div class=\"gb-inside-container\">\n<div class=\"gb-button-wrapper gb-button-wrapper-dd5af9d0\">\n\n<a class=\"gb-button gb-button-0ce91346 gb-button-text\" href=\"https:\/\/cwaplaybook.org\/es\/playbook\/sewage-playbook\/\">Libro de jugadas de aguas residuales<\/a>\n\n\n\n<a class=\"gb-button gb-button-fe5875c4 gb-button-text\" href=\"https:\/\/cwaplaybook.org\/es\/playbook\/coal-ash-playbook\/\">Libro de jugadas de ceniza de carb\u00f3n<\/a>\n\n\n\n<a class=\"gb-button gb-button-1040e934 gb-button-text\" href=\"https:\/\/cwaplaybook.org\/es\/playbook\/flooding-playbook\/\">Manual de inundaciones<\/a>\n\n<\/div>\n\n<div class=\"gb-container gb-container-af30a4d8\"><div class=\"gb-inside-container\">\n\n<p><em><strong>Si su comunidad est\u00e1 experimentando amenazas para su agua debido a las aguas residuales sin tratar, no est\u00e1 solo y puede encontrar ayuda para abordar estos problemas.&nbsp;<\/strong><\/em><\/p>\n\n\n\n<h2 class=\"wp-block-heading\">D\u00f3nde encontrar ayuda y denunciar la contaminaci\u00f3n<\/h2>\n\n\n\n<h4 class=\"wp-block-heading\">Guardianes del agua<\/h4>\n\n\n\n<p>Waterkeepers locales son excelentes recursos para informar la contaminaci\u00f3n, investigar problemas de contaminaci\u00f3n, monitorear v\u00edas fluviales y trabajar con las comunidades locales para encontrar una manera de abordar y solucionar los problemas de contaminaci\u00f3n del agua. Waterkeepers son grandes recursos sobre oportunidades de participaci\u00f3n p\u00fablica y acceso a informaci\u00f3n sobre permisos y fuentes de contaminaci\u00f3n. Para encontrar Waterkeepers en Chesapeake y la regi\u00f3n de las bah\u00edas costeras, visite&nbsp;<strong><a rel=\"noreferrer noopener\" href=\"https:\/\/waterkeeperschesapeake.org\/our-waterkeeper-members\/\" target=\"_blank\">Sitio web de Waterkeepers Chesapeake.<\/a><\/strong>&nbsp;Para encontrar Waterkeepers en todo el pa\u00eds (y el mundo), visite&nbsp;<strong><a rel=\"noreferrer noopener\" href=\"https:\/\/waterkeeper.org\/waterkeepers\/\" target=\"_blank\">Sitio web de Waterkeeper Alliance<\/a><\/strong>. Si no tiene un Waterkeeper en su \u00e1rea, busque los cap\u00edtulos locales de Sierra Club y otros grupos de cuencas hidrogr\u00e1ficas para obtener ayuda, y visite River Network&#039;s&nbsp;<a rel=\"noreferrer noopener\" href=\"https:\/\/www.rivernetwork.org\/membership\/map-who-is-protecting-your-water\/\" target=\"_blank\">\u00bfQui\u00e9n protege el agua?<\/a>&nbsp;mapa.<\/p>\n\n\n<div class=\"gb-container gb-container-7bcf556e\"><div class=\"gb-inside-container\">\n<div class=\"gb-grid-wrapper gb-grid-wrapper-eaf70516\">\n<div class=\"gb-grid-column gb-grid-column-e78199c2\"><div class=\"gb-container gb-container-e78199c2\"><div class=\"gb-inside-container\">\n\n<h4 class=\"wp-block-heading\">Cl\u00ednicas Legales y Asistencia T\u00e9cnica<\/h4>\n\n\n\n<ul class=\"wp-block-list\">\n<li><a href=\"https:\/\/www.chesapeakelegal.org\" target=\"_blank\" rel=\"noreferrer noopener\">Chesapeake Legal Alliance<\/a><\/li>\n\n\n\n<li><a href=\"https:\/\/environmentalintegrity.org\" target=\"_blank\" rel=\"noreferrer noopener\">Environmental Integrity Project<\/a><\/li>\n\n\n\n<li><a rel=\"noreferrer noopener\" href=\"https:\/\/www.southernenvironment.org\" target=\"_blank\">Derecho Ambiental del Sur C<\/a><a rel=\"noreferrer noopener\" href=\"https:\/\/www.southernenvironment.org\" target=\"_blank\">mi<\/a><a rel=\"noreferrer noopener\" href=\"https:\/\/www.southernenvironment.org\" target=\"_blank\">norte<\/a><a rel=\"noreferrer noopener\" href=\"https:\/\/www.southernenvironment.org\" target=\"_blank\">t<\/a><a rel=\"noreferrer noopener\" href=\"https:\/\/www.southernenvironment.org\" target=\"_blank\">mi<\/a><a rel=\"noreferrer noopener\" href=\"https:\/\/www.southernenvironment.org\" target=\"_blank\">r<\/a><\/li>\n\n\n\n<li><a rel=\"noreferrer noopener\" href=\"https:\/\/earthjustice.org\" target=\"_blank\">Earthjustice<\/a><\/li>\n\n\n\n<li><a rel=\"noreferrer noopener\" href=\"https:\/\/www.environmentalprotectionnetwork.org\/our-work\/technical-assistance\/\" target=\"_blank\">Environmental Protection Network<\/a><\/li>\n<\/ul>\n\n\n\n<p>Si no tiene un recurso legal sin fines de lucro en su \u00e1rea, busque cl\u00ednicas legales ambientales y de otro tipo en las universidades.<\/p>\n\n\n\n<h4 class=\"wp-block-heading\">Investigando permisos de contaminaci\u00f3n<\/h4>\n\n\n\n<p>Usar&nbsp;<a rel=\"noreferrer noopener\" href=\"https:\/\/echo.epa.gov\" target=\"_blank\">Historial de aplicaci\u00f3n y cumplimiento de la EPA en l\u00ednea (ECHO)<\/a>&nbsp;sitio web para buscar instalaciones en su comunidad para evaluar su cumplimiento con las regulaciones ambientales. Las agencias estatales de calidad del agua tambi\u00e9n pueden proporcionar acceso en l\u00ednea a los permisos de contaminaci\u00f3n existentes, como el Departamento del Medio Ambiente de Maryland.&nbsp;<a rel=\"noreferrer noopener\" href=\"http:\/\/mes-mde.mde.state.md.us\/WastewaterPermitPortal\/\" target=\"_blank\">Portal interactivo de b\u00fasqueda de permisos de aguas residuales<\/a>.<\/p>\n\n<\/div><\/div><\/div>\n\n<div class=\"gb-grid-column gb-grid-column-fa947f6f\"><div class=\"gb-container gb-container-fa947f6f\"><div class=\"gb-inside-container\">\n\n<h4 class=\"wp-block-heading\">Equidad, justicia y recursos clim\u00e1ticos<\/h4>\n\n\n\n<ul class=\"wp-block-list\">\n<li><strong><em><a rel=\"noreferrer noopener\" href=\"https:\/\/www.rivernetwork.org\/wp-content\/uploads\/2022\/10\/CleanWaterActManual-3rdEdition-final-11.7.22.pdf\" target=\"_blank\">Manual del propietario de la Ley de agua limpia de River Network<\/a><\/em><\/strong><\/li>\n\n\n\n<li><strong><em><a href=\"https:\/\/www.epa.gov\/ejscreen\" target=\"_blank\" rel=\"noreferrer noopener\">Herramienta de mapeo y detecci\u00f3n de justicia ambiental de la EPA<\/a><\/em><\/strong><\/li>\n\n\n\n<li><em><a rel=\"noreferrer noopener\" href=\"https:\/\/mdewin64.mde.state.md.us\/EJ\/\" target=\"_blank\"><strong>Herramienta de mapeo y pantalla EJ de Maryland<\/strong><\/a><\/em><\/li>\n\n\n\n<li>NOAA del Atl\u00e1ntico Medio <strong><em><a rel=\"noreferrer noopener\" href=\"https:\/\/midatlantic-idf.rcc-acis.org\" target=\"_blank\">Herramienta de datos de curva de intensidad-duraci\u00f3n-frecuencia (IDF) proyectada para la cuenca de la bah\u00eda de Chesapeake y Virginia<\/a><\/em><\/strong> (para lluvia)<\/li>\n\n\n\n<li><strong><em><a rel=\"noreferrer noopener\" href=\"https:\/\/www.rivernetwork.org\/resource\/water-equity-mapping-tools\/\" target=\"_blank\">Herramientas de mapeo de agua y equidad de River Network<\/a><\/em><\/strong><\/li>\n\n\n\n<li>la red fluvial<strong>&nbsp;<a rel=\"noreferrer noopener\" href=\"https:\/\/www.rivernetwork.org\/connect-learn\/resources\/clrtoolkit\/\" target=\"_blank\">Herramientas para la resiliencia clim\u00e1tica equitativa<\/a><\/strong><\/li>\n\n\n\n<li>American Rivers\u2019&nbsp;<strong><em><a rel=\"noreferrer noopener\" href=\"https:\/\/www.americanrivers.org\/conservation-resource\/water-justice-toolkit-a-guide-to-address-environmental-inequities-in-frontline-communities\/\" target=\"_blank\">Kit de herramientas de justicia del agua<\/a><\/em><\/strong>, 2020<\/li>\n\n\n\n<li>EPA's&nbsp;<strong><em><a rel=\"noreferrer noopener\" href=\"https:\/\/www.epa.gov\/system\/files\/documents\/2022-05\/EJ%20Legal%20Tools%20May%202022%20FINAL.pdf\" target=\"_blank\">Herramientas legales para promover la justicia ambiental<\/a><\/em><\/strong>, 2020, Cap\u00edtulo 2: Programas de agua<\/li>\n<\/ul>\n\n<\/div><\/div><\/div>\n\n<div class=\"gb-grid-column gb-grid-column-8207a0ec\"><div class=\"gb-container gb-container-8207a0ec\"><div class=\"gb-inside-container\">\n\n<h4 class=\"wp-block-heading\">Reporte de contaminaci\u00f3n<\/h4>\n\n\n\n<p>Todos los Waterkeepers tienen l\u00edneas directas para informar sobre la contaminaci\u00f3n (n\u00fameros de tel\u00e9fono, formularios en l\u00ednea, etc.). Puede informar sobre la contaminaci\u00f3n desde su tel\u00e9fono con varias aplicaciones. Descargar el&nbsp;<strong><a rel=\"noreferrer noopener\" href=\"https:\/\/www.waterreporter.org\" target=\"_blank\">Reportero de agua<\/a><\/strong>&nbsp;y\/o el&nbsp;<a rel=\"noreferrer noopener\" href=\"https:\/\/www.theswimguide.org\/report\/\" target=\"_blank\"><strong>Gu\u00eda de nataci\u00f3n<\/strong><\/a>&nbsp;y env\u00ede informes a sus Waterkeepers locales mientras se encuentra en su v\u00eda fluvial favorita. El&nbsp;<strong><a rel=\"noreferrer noopener\" href=\"https:\/\/mycoast.org\" target=\"_blank\">aplicaci\u00f3n MyCoast<\/a><\/strong>&nbsp;se utiliza para documentar problemas costeros y de playa.<\/p>\n\n\n\n<p>Las agencias p\u00fablicas a nivel local y estatal tienen formas para que las personas informen sobre la contaminaci\u00f3n. Busque recursos como este en <a rel=\"noreferrer noopener\" href=\"https:\/\/www.fairfaxcounty.gov\/publicworks\/stormwater\/illicit-discharge-and-improper-disposal-idid-program\" target=\"_blank\">Condado de Fairfax, VA<\/a>, y <a rel=\"noreferrer noopener\" href=\"https:\/\/mde.maryland.gov\/pages\/reportpollution.aspx\" target=\"_blank\">Informe de Maryland sobre una emergencia de contaminaci\u00f3n<\/a>.<\/p>\n\n<\/div><\/div><\/div>\n<\/div>\n<\/div><\/div>\n<\/div><\/div>\n\n<div class=\"gb-container gb-container-c5ef41ff alignfull\">\n<div class=\"gb-container gb-container-8cbeb0d9\">\n\n<h2 class=\"wp-block-heading\">Pasos a seguir<\/h2>\n\n\n\n<h4 class=\"wp-block-heading\"><strong>Qu\u00e9 buscar:<\/strong><\/h4>\n\n\n\n<ul class=\"wp-block-list\">\n<li>Cambios visibles en el agua, especialmente en lluvias intensas porque puede haber tuber\u00edas con fugas o conexiones cruzadas con el sistema de aguas pluviales.&nbsp;<\/li>\n\n\n\n<li>Residuos sanitarios que salen de las tuber\u00edas al r\u00edo.<\/li>\n\n\n\n<li>Nuevos olores cerca de tuber\u00edas o tapas de alcantarillas.<\/li>\n\n\n\n<li>El agua brotaba de las tapas de las alcantarillas.<\/li>\n\n\n\n<li>Vecindarios que enfrentan desbordamientos de aguas residuales.<\/li>\n<\/ul>\n\n\n\n<h4 class=\"wp-block-heading\"><strong>Documenta lo que ves<\/strong>:<\/h4>\n\n\n\n<p>Documente lo que ve con fotos y videos para compartir con Waterkeepers y agencias p\u00fablicas. El monitoreo regular de la calidad del agua por parte de Waterkeepers, grupos comunitarios y residentes puede ser una herramienta incre\u00edblemente \u00fatil. Para muchos contaminantes, no es tan complicado, sin embargo, debe estar debidamente capacitado. Para que el gobierno local o estatal, o un tribunal de justicia, tome en serio los resultados, es importante que un laboratorio de confianza tambi\u00e9n analice las muestras.&nbsp;<\/p>\n\n\n\n<h4 class=\"wp-block-heading\"><strong>D\u00f3nde encontrar informaci\u00f3n<\/strong>:<\/h4>\n\n\n\n<p>Haga preguntas a las agencias ambientales de su estado, ciudad o condado sobre la calidad del agua aguas abajo de la planta de tratamiento. Averig\u00fce si el gobierno local o estatal monitorea regularmente el agua aguas abajo de las plantas de tratamiento de aguas residuales. Es importante revisar o recopilar datos que cuenten la historia de los problemas que est\u00e1 presenciando.&nbsp;<\/p>\n\n\n\n<p>P\u00eddale a su agencia estatal que revise los permisos y la informaci\u00f3n sobre los est\u00e1ndares de calidad del agua. Preg\u00fantele a su agencia estatal si el r\u00edo, arroyo o cuerpo de agua est\u00e1 en una lista de aguas deterioradas y si tiene un plan de limpieza conocido como plan de carga diaria m\u00e1xima total (TMDL). Solicite informes de descarga para instalaciones como plantas de tratamiento de aguas residuales. Si necesita ayuda para comprender estos documentos, dir\u00edjase a Waterkeepers y otros grupos mencionados anteriormente. Si las cosas no se ven bien en los informes, es posible que la instalaci\u00f3n no cumpla con su permiso.<\/p>\n\n\n\n<p>Como ejemplo,&nbsp;<a href=\"https:\/\/bluewaterbaltimore.org\/learn\/threats-to-water-quality\/sewage\/\" target=\"_blank\" rel=\"noreferrer noopener\">consulte la informaci\u00f3n y los recursos que se encuentran en el sitio web de Blue Water Baltimore.<\/a><\/p>\n\n\n\n<h4 class=\"wp-block-heading\"><strong>Tomar acci\u00f3n:<\/strong><\/h4>\n\n\n\n<p>Si encuentra violaciones de contaminaci\u00f3n, pregunte si la agencia ambiental estatal est\u00e1 tomando medidas correctivas. Si encuentra violaciones en curso que el estado no ha abordado, recurra a Waterkeepers y los recursos legales mencionados anteriormente para obtener asesoramiento y asistencia para presentar una demanda de la Ley de Agua Limpia. Adem\u00e1s, comun\u00edquese con los medios locales para generar historias sobre la contaminaci\u00f3n de las aguas residuales y las amenazas a la salud p\u00fablica.<\/p>\n\n<\/div>\n<\/div>\n\n\n<h2 class=\"wp-block-heading has-text-align-center\">Aplicaci\u00f3n de la Ley de Agua Limpia al problema de las aguas residuales<br>en el r\u00edo trasero&nbsp;<\/h2>\n\n\n\n<p>La Ley de Agua Limpia no permite ninguna descarga de contaminaci\u00f3n de una tuber\u00eda (y muchos otros medios de transporte discretos como zanjas) A MENOS QUE el descargador obtenga un permiso del estado que prescribe lo que debe hacer para tratar la contaminaci\u00f3n y qu\u00e9 nivel de control debe encontrarse. Para entender la Ley de Agua Limpia, visite <strong><a href=\"https:\/\/cwaplaybook.org\/es\/cwa-basics\/\" data-type=\"page\" data-id=\"674\">P\u00e1gina de FUNDAMENTOS DE CWA<\/a>.<\/strong><\/p>\n\n\n\n<p><strong>PASO 1:<\/strong> Descarga de la planta de tratamiento de aguas residuales de Back River <a rel=\"noreferrer noopener\" href=\"https:\/\/mde.maryland.gov\/programs\/water\/Compliance\/Documents\/Final%20Permit%20for%2015DP0581A%20Post-modification.pdf\" target=\"_blank\">permiso<\/a> (llamado <strong><a href=\"https:\/\/mde.maryland.gov\/programs\/water\/tmdl\/pages\/index.aspx\" target=\"_blank\" rel=\"noreferrer noopener\">Permiso del Sistema Nacional de Eliminaci\u00f3n de Descargas Contaminantes<\/a><\/strong>) con vigencia desde mayo de 2018 hasta abril de 2023 autoriza descargas en Back River y High Head Lake, que luego se bombea a Bear Creek y desemboca en la desembocadura del r\u00edo Patapsco a medida que desemboca en la bah\u00eda de Chesapeake.&nbsp;<\/p>\n\n\n\n<p>Este permiso establece l\u00edmites para las bacterias descargadas en Back River y High Head Lake (E coli: 126 MPN\/100 media geom\u00e9trica mensual).<\/p>\n\n\n\n<p><strong>PASO 2:<\/strong> Sin embargo, para comprender los niveles apropiados de control, primero debemos saber qu\u00e9 ha declarado oficialmente Maryland como &quot;usos&quot; de las aguas debajo de la planta de tratamiento, Y qu\u00e9 l\u00edmites de contaminantes son necesarios para proteger completamente esos usos. Esos usos y protecciones forman parte del patrimonio estatal. <strong><a rel=\"noreferrer noopener\" href=\"https:\/\/mde.maryland.gov\/programs\/water\/tmdl\/waterqualitystandards\/pages\/index.aspx\" target=\"_blank\">Est\u00e1ndares de calidad del agua<\/a><\/strong>. En el caso del r\u00edo Back y el puerto de Baltimore, Maryland ha designado estas aguas para la vida acu\u00e1tica marina y estuarina y la recolecci\u00f3n de mariscos.<\/p>\n\n\n\n<p><strong>PASO 3:<\/strong> Back River est\u00e1 en Maryland <a href=\"https:\/\/mde.maryland.gov\/programs\/water\/tmdl\/integrated303dreports\/pages\/303d.aspx\" target=\"_blank\" rel=\"noreferrer noopener\"><strong>Lista de Aguas Deterioradas<\/strong> <\/a>para PCB en sedimentos y tejidos de pescado, sedimentos, clordano, nitr\u00f3geno y f\u00f3sforo, cloruros y sulfatos. Esta lista es \u00fatil por tres razones:&nbsp;<\/p>\n\n\n\n<ol class=\"wp-block-list\">\n<li>Identifica problemas que han sido documentados.<\/li>\n\n\n\n<li>Resulta en una prohibici\u00f3n de cualquiera de los contaminantes enumerados en los permisos existentes o nuevos porque las descargas no pueden \u201c<a href=\"https:\/\/www.ecfr.gov\/current\/title-40\/chapter-I\/subchapter-D\/part-122\/subpart-A\/section-122.4\" target=\"_blank\" rel=\"noreferrer noopener\">causar o contribuir<\/a>\u201d a estos impedimentos.&nbsp;<\/li>\n\n\n\n<li>Requiere que se desarrolle un plan de restauraci\u00f3n de la calidad del agua para el tramo de cuerpo de agua que se incluye en la lista.<\/li>\n<\/ol>\n\n\n\n<p>El permiso de la Back River Wastewater Treatment plant autoriza a descargar una concentraci\u00f3n media anual de nitr\u00f3geno total no superior a 4,0 mg\/L (<a rel=\"noreferrer noopener\" href=\"https:\/\/bluewaterbaltimore.org\/blog\/bwb-and-cla-issue-notice-of-intent-to-sue\/\" target=\"_blank\">Aviso de intenci\u00f3n de demandar de BWB<\/a>). Sin embargo, en marzo de 2022, Baltimore report\u00f3 una nueva concentraci\u00f3n r\u00e9cord de nitr\u00f3geno total de 22,2 mg\/L, m\u00e1s de siete veces el l\u00edmite permitido. Como referencia, las aguas residuales sin tratar son 30 mg\/L.<\/p>\n\n\n\n<p><strong>ETAPA 4:<\/strong> El R\u00edo Back es parte de varios Planes de Restauraci\u00f3n de la Calidad del Agua, llamados <strong><a href=\"https:\/\/mde.maryland.gov\/programs\/water\/tmdl\/pages\/index.aspx\" target=\"_blank\" rel=\"noreferrer noopener\">Cargas diarias m\u00e1ximas totales<\/a><\/strong> (TMDL):&nbsp;<\/p>\n\n\n\n<p>Los deterioros en el r\u00edo requieren el desarrollo de planes de restauraci\u00f3n de la calidad del agua que requieren actualizaciones de la planta de tratamiento. Debido a los planes para las deficiencias en Back River, el puerto de Baltimore y la bah\u00eda de Chesapeake, el permiso de la planta de tratamiento de Back River tiene l\u00edmites espec\u00edficos para PCB, nitr\u00f3geno, f\u00f3sforo y sedimentos.&nbsp;<\/p>\n\n\n\n<p><strong>PASO 5:<\/strong> Las personas y comunidades que est\u00e1n o pueden verse afectadas adversamente por violaciones en curso pueden presentar una demanda contra la entidad que viola (River Network&#039;s <a rel=\"noreferrer noopener\" href=\"https:\/\/www.rivernetwork.org\/wp-content\/uploads\/2022\/10\/CleanWaterActManual-3rdEdition-final-11.7.22.pdf\" target=\"_blank\">Manual del propietario de CWA<\/a> pag. 136). Waterkeepers y otros grupos enumerados anteriormente son excelentes recursos para tomar tal acci\u00f3n.&nbsp;&nbsp;<\/p>\n\n<\/div><\/div>\n\n<div class=\"gb-container gb-container-cc55f8e5\"><div class=\"gb-inside-container\">\n<div class=\"gb-button-wrapper gb-button-wrapper-2c280ad1\">\n\n<a class=\"gb-button gb-button-324f27b6 gb-button-text\" href=\"https:\/\/cwaplaybook.org\/es\/stormwater-sewer-systems\/\">Sistemas de aguas pluviales y alcantarillado<\/a>\n\n<\/div>\n\n<div class=\"gb-button-wrapper gb-button-wrapper-dd66705b\">\n\n<a class=\"gb-button gb-button-a7d6f396 gb-button-text\" href=\"https:\/\/cwaplaybook.org\/es\/cwa-basics\/\">CONCEPTOS B\u00c1SICOS DE CWA<\/a>\n\n\n\n<a class=\"gb-button gb-button-80dd951d gb-button-text\" href=\"https:\/\/cwaplaybook.org\/es\/playbook\/\">VOLVER A Manual de CWA<\/a>\n\n<\/div>\n<\/div><\/div><div class=\"pdfprnt-buttons pdfprnt-buttons-page pdfprnt-bottom-left\"><a href=\"javascript: imageToPdf(917)\" class=\"pdfprnt-button pdfprnt-button-pdf\" target=\"_self\" ><img decoding=\"async\" src=\"https:\/\/cwaplaybook.org\/wp-content\/plugins\/pdf-print\/images\/pdf.png\" alt=\"image_pdf\" title=\"Descargar PDF\" \/><span class=\"pdfprnt-button-title pdfprnt-button-pdf-title\">Guardar esta p\u00e1gina como PDF<\/span><\/a><\/div>","protected":false},"excerpt":{"rendered":"<p>Si su comunidad est\u00e1 experimentando amenazas a su agua debido a las aguas residuales sin tratar, usted no est\u00e1 solo y puede encontrar... <a title=\"Libro de jugadas de aguas residuales\" class=\"read-more\" href=\"https:\/\/cwaplaybook.org\/es\/playbook\/sewage-playbook\/\" aria-label=\"Leer m\u00e1s sobre Manual de estrategias de aguas residuales\">Leer m\u00e1s<\/a><\/p>","protected":false},"author":1,"featured_media":1401,"parent":678,"menu_order":0,"comment_status":"closed","ping_status":"closed","template":"","meta":{"footnotes":""},"class_list":["post-917","page","type-page","status-publish","has-post-thumbnail"],"_links":{"self":[{"href":"https:\/\/cwaplaybook.org\/es\/wp-json\/wp\/v2\/pages\/917","targetHints":{"allow":["GET"]}}],"collection":[{"href":"https:\/\/cwaplaybook.org\/es\/wp-json\/wp\/v2\/pages"}],"about":[{"href":"https:\/\/cwaplaybook.org\/es\/wp-json\/wp\/v2\/types\/page"}],"author":[{"embeddable":true,"href":"https:\/\/cwaplaybook.org\/es\/wp-json\/wp\/v2\/users\/1"}],"replies":[{"embeddable":true,"href":"https:\/\/cwaplaybook.org\/es\/wp-json\/wp\/v2\/comments?post=917"}],"version-history":[{"count":0,"href":"https:\/\/cwaplaybook.org\/es\/wp-json\/wp\/v2\/pages\/917\/revisions"}],"up":[{"embeddable":true,"href":"https:\/\/cwaplaybook.org\/es\/wp-json\/wp\/v2\/pages\/678"}],"wp:featuredmedia":[{"embeddable":true,"href":"https:\/\/cwaplaybook.org\/es\/wp-json\/wp\/v2\/media\/1401"}],"wp:attachment":[{"href":"https:\/\/cwaplaybook.org\/es\/wp-json\/wp\/v2\/media?parent=917"}],"curies":[{"name":"gracias","href":"https:\/\/api.w.org\/{rel}","templated":true}]}}