{"id":931,"date":"2022-12-16T23:35:19","date_gmt":"2022-12-16T23:35:19","guid":{"rendered":"https:\/\/cwaplaybook.org\/?page_id=931"},"modified":"2023-05-17T15:30:06","modified_gmt":"2023-05-17T15:30:06","slug":"coal-ash-playbook","status":"publish","type":"page","link":"https:\/\/cwaplaybook.org\/es\/playbook\/coal-ash-playbook\/","title":{"rendered":"Libro de jugadas de ceniza de carb\u00f3n"},"content":{"rendered":"<div class=\"gb-container gb-container-6db8a1bc\"><div class=\"gb-inside-container\">\n<div class=\"gb-button-wrapper gb-button-wrapper-dd5af9d0\">\n\n<a class=\"gb-button gb-button-0ce91346 gb-button-text\" href=\"https:\/\/cwaplaybook.org\/es\/playbook\/sewage-playbook\/\">Libro de jugadas de aguas residuales<\/a>\n\n\n\n<a class=\"gb-button gb-button-fe5875c4 gb-button-text\" href=\"https:\/\/cwaplaybook.org\/es\/playbook\/coal-ash-playbook\/\">Libro de jugadas de ceniza de carb\u00f3n<\/a>\n\n\n\n<a class=\"gb-button gb-button-1040e934 gb-button-text\" href=\"https:\/\/cwaplaybook.org\/es\/playbook\/flooding-playbook\/\">Manual de inundaciones<\/a>\n\n<\/div>\n\n<div class=\"gb-container gb-container-af30a4d8\"><div class=\"gb-inside-container\">\n\n<p><em><strong>Si su comunidad est\u00e1 experimentando amenazas para su agua debido a la contaminaci\u00f3n por cenizas de carb\u00f3n, no est\u00e1 solo y puede encontrar ayuda para abordar estos problemas.&nbsp;<\/strong><\/em><\/p>\n\n\n\n<h2 class=\"wp-block-heading\">D\u00f3nde encontrar ayuda y denunciar la contaminaci\u00f3n<\/h2>\n\n\n\n<h4 class=\"wp-block-heading\">Guardianes del agua<\/h4>\n\n\n\n<p>Waterkeepers locales son excelentes recursos para informar la contaminaci\u00f3n, investigar problemas de contaminaci\u00f3n, monitorear v\u00edas fluviales y trabajar con las comunidades locales para encontrar una manera de abordar y solucionar los problemas de contaminaci\u00f3n del agua. Waterkeepers son grandes recursos sobre oportunidades de participaci\u00f3n p\u00fablica y acceso a informaci\u00f3n sobre permisos y fuentes de contaminaci\u00f3n. Para encontrar Waterkeepers en Chesapeake y la regi\u00f3n de las bah\u00edas costeras, visite&nbsp;<strong><a rel=\"noreferrer noopener\" href=\"https:\/\/waterkeeperschesapeake.org\/our-waterkeeper-members\/\" target=\"_blank\">Sitio web de Waterkeepers Chesapeake.<\/a><\/strong>&nbsp;Para encontrar Waterkeepers en todo el pa\u00eds (y el mundo), visite&nbsp;<strong><a rel=\"noreferrer noopener\" href=\"https:\/\/waterkeeper.org\/waterkeepers\/\" target=\"_blank\">Sitio web de Waterkeeper Alliance<\/a><\/strong>. Si no tiene un Waterkeeper en su \u00e1rea, busque los cap\u00edtulos locales de Sierra Club y otros grupos de cuencas hidrogr\u00e1ficas para obtener ayuda, y visite River Network&#039;s&nbsp;<a rel=\"noreferrer noopener\" href=\"https:\/\/www.rivernetwork.org\/membership\/map-who-is-protecting-your-water\/\" target=\"_blank\">\u00bfQui\u00e9n protege el agua?<\/a>&nbsp;mapa.<\/p>\n\n\n<div class=\"gb-container gb-container-7bcf556e\"><div class=\"gb-inside-container\">\n<div class=\"gb-grid-wrapper gb-grid-wrapper-eaf70516\">\n<div class=\"gb-grid-column gb-grid-column-e78199c2\"><div class=\"gb-container gb-container-e78199c2\"><div class=\"gb-inside-container\">\n\n<h4 class=\"wp-block-heading\">Cl\u00ednicas Legales y Asistencia T\u00e9cnica<\/h4>\n\n\n\n<ul class=\"wp-block-list\">\n<li><a href=\"https:\/\/www.chesapeakelegal.org\" target=\"_blank\" rel=\"noreferrer noopener\">Chesapeake Legal Alliance<\/a><\/li>\n\n\n\n<li><a href=\"https:\/\/environmentalintegrity.org\" target=\"_blank\" rel=\"noreferrer noopener\">Environmental Integrity Project<\/a><\/li>\n\n\n\n<li><a rel=\"noreferrer noopener\" href=\"https:\/\/www.southernenvironment.org\" target=\"_blank\">Derecho Ambiental del Sur C<\/a><a rel=\"noreferrer noopener\" href=\"https:\/\/www.southernenvironment.org\" target=\"_blank\">mi<\/a><a rel=\"noreferrer noopener\" href=\"https:\/\/www.southernenvironment.org\" target=\"_blank\">norte<\/a><a rel=\"noreferrer noopener\" href=\"https:\/\/www.southernenvironment.org\" target=\"_blank\">t<\/a><a rel=\"noreferrer noopener\" href=\"https:\/\/www.southernenvironment.org\" target=\"_blank\">mi<\/a><a rel=\"noreferrer noopener\" href=\"https:\/\/www.southernenvironment.org\" target=\"_blank\">r<\/a><\/li>\n\n\n\n<li><a rel=\"noreferrer noopener\" href=\"https:\/\/earthjustice.org\" target=\"_blank\">Earthjustice<\/a><\/li>\n\n\n\n<li><a rel=\"noreferrer noopener\" href=\"https:\/\/www.environmentalprotectionnetwork.org\/our-work\/technical-assistance\/\" target=\"_blank\">Environmental Protection Network<\/a><\/li>\n<\/ul>\n\n\n\n<p>Si no tiene un recurso legal sin fines de lucro en su \u00e1rea, busque cl\u00ednicas legales ambientales y de otro tipo en las universidades.<\/p>\n\n\n\n<h4 class=\"wp-block-heading\">Investigando permisos de contaminaci\u00f3n<\/h4>\n\n\n\n<p>Usar&nbsp;<a rel=\"noreferrer noopener\" href=\"https:\/\/echo.epa.gov\" target=\"_blank\">Historial de aplicaci\u00f3n y cumplimiento de la EPA en l\u00ednea (ECHO)<\/a>&nbsp;sitio web para buscar instalaciones en su comunidad para evaluar su cumplimiento con las regulaciones ambientales. Las agencias estatales de calidad del agua tambi\u00e9n pueden proporcionar acceso en l\u00ednea a los permisos de contaminaci\u00f3n existentes, como el Departamento del Medio Ambiente de Maryland.&nbsp;<a rel=\"noreferrer noopener\" href=\"http:\/\/mes-mde.mde.state.md.us\/WastewaterPermitPortal\/\" target=\"_blank\">Portal interactivo de b\u00fasqueda de permisos de aguas residuales<\/a>.<\/p>\n\n<\/div><\/div><\/div>\n\n<div class=\"gb-grid-column gb-grid-column-fa947f6f\"><div class=\"gb-container gb-container-fa947f6f\"><div class=\"gb-inside-container\">\n\n<h4 class=\"wp-block-heading\">Equidad, justicia y recursos clim\u00e1ticos<\/h4>\n\n\n\n<ul class=\"wp-block-list\">\n<li><strong><em><a rel=\"noreferrer noopener\" href=\"https:\/\/www.rivernetwork.org\/wp-content\/uploads\/2022\/10\/CleanWaterActManual-3rdEdition-final-11.7.22.pdf\" target=\"_blank\">Manual del propietario de la Ley de agua limpia de River Network<\/a><\/em><\/strong><\/li>\n\n\n\n<li><strong><em><a href=\"https:\/\/www.epa.gov\/ejscreen\" target=\"_blank\" rel=\"noreferrer noopener\">Herramienta de mapeo y detecci\u00f3n de justicia ambiental de la EPA<\/a><\/em><\/strong><\/li>\n\n\n\n<li><em><a rel=\"noreferrer noopener\" href=\"https:\/\/mdewin64.mde.state.md.us\/EJ\/\" target=\"_blank\"><strong>Herramienta de mapeo y pantalla EJ de Maryland<\/strong><\/a><\/em><\/li>\n\n\n\n<li>NOAA del Atl\u00e1ntico Medio <strong><em><a rel=\"noreferrer noopener\" href=\"https:\/\/midatlantic-idf.rcc-acis.org\" target=\"_blank\">Herramienta de datos de curva de intensidad-duraci\u00f3n-frecuencia (IDF) proyectada para la cuenca de la bah\u00eda de Chesapeake y Virginia<\/a><\/em><\/strong> (para lluvia)<\/li>\n\n\n\n<li><strong><em><a rel=\"noreferrer noopener\" href=\"https:\/\/www.rivernetwork.org\/resource\/water-equity-mapping-tools\/\" target=\"_blank\">Herramientas de mapeo de agua y equidad de River Network<\/a><\/em><\/strong><\/li>\n\n\n\n<li>la red fluvial<strong>&nbsp;<a rel=\"noreferrer noopener\" href=\"https:\/\/www.rivernetwork.org\/connect-learn\/resources\/clrtoolkit\/\" target=\"_blank\">Herramientas para la resiliencia clim\u00e1tica equitativa<\/a><\/strong><\/li>\n\n\n\n<li>American Rivers\u2019&nbsp;<strong><em><a rel=\"noreferrer noopener\" href=\"https:\/\/www.americanrivers.org\/conservation-resource\/water-justice-toolkit-a-guide-to-address-environmental-inequities-in-frontline-communities\/\" target=\"_blank\">Kit de herramientas de justicia del agua<\/a><\/em><\/strong>, 2020<\/li>\n\n\n\n<li>EPA's&nbsp;<strong><em><a rel=\"noreferrer noopener\" href=\"https:\/\/www.epa.gov\/system\/files\/documents\/2022-05\/EJ%20Legal%20Tools%20May%202022%20FINAL.pdf\" target=\"_blank\">Herramientas legales para promover la justicia ambiental<\/a><\/em><\/strong>, 2020, Cap\u00edtulo 2: Programas de agua<\/li>\n<\/ul>\n\n<\/div><\/div><\/div>\n\n<div class=\"gb-grid-column gb-grid-column-8207a0ec\"><div class=\"gb-container gb-container-8207a0ec\"><div class=\"gb-inside-container\">\n\n<h4 class=\"wp-block-heading\">Reporte de contaminaci\u00f3n<\/h4>\n\n\n\n<p>Todos los Waterkeepers tienen l\u00edneas directas para informar sobre la contaminaci\u00f3n (n\u00fameros de tel\u00e9fono, formularios en l\u00ednea, etc.). Puede informar sobre la contaminaci\u00f3n desde su tel\u00e9fono con varias aplicaciones. Descargar el&nbsp;<strong><a rel=\"noreferrer noopener\" href=\"https:\/\/www.waterreporter.org\" target=\"_blank\">Reportero de agua<\/a><\/strong>&nbsp;y\/o el&nbsp;<a rel=\"noreferrer noopener\" href=\"https:\/\/www.theswimguide.org\/report\/\" target=\"_blank\"><strong>Gu\u00eda de nataci\u00f3n<\/strong><\/a>&nbsp;y env\u00ede informes a sus Waterkeepers locales mientras se encuentra en su v\u00eda fluvial favorita. El&nbsp;<strong><a rel=\"noreferrer noopener\" href=\"https:\/\/mycoast.org\" target=\"_blank\">aplicaci\u00f3n MyCoast<\/a><\/strong>&nbsp;se utiliza para documentar problemas costeros y de playa.<\/p>\n\n\n\n<p>Las agencias p\u00fablicas a nivel local y estatal tienen formas para que las personas informen sobre la contaminaci\u00f3n. Busque recursos como este en <a rel=\"noreferrer noopener\" href=\"https:\/\/www.fairfaxcounty.gov\/publicworks\/stormwater\/illicit-discharge-and-improper-disposal-idid-program\" target=\"_blank\">Condado de Fairfax, VA<\/a>, y <a rel=\"noreferrer noopener\" href=\"https:\/\/mde.maryland.gov\/pages\/reportpollution.aspx\" target=\"_blank\">Informe de Maryland sobre una emergencia de contaminaci\u00f3n<\/a>.<\/p>\n\n<\/div><\/div><\/div>\n<\/div>\n<\/div><\/div>\n<\/div><\/div>\n\n<div class=\"gb-container gb-container-608ed622 alignfull\">\n<div class=\"gb-container gb-container-78528f7a\">\n\n<h2 class=\"wp-block-heading\">Pasos a seguir:<\/h2>\n\n\n\n<h4 class=\"wp-block-heading\">Qu\u00e9 buscar:<\/h4>\n\n\n\n<ul class=\"wp-block-list\">\n<li>Cambios visibles en el agua, especialmente en lluvias intensas, porque puede haber fugas de metales pesados a los cuerpos de agua vecinos.&nbsp;<\/li>\n\n\n\n<li>Contaminaci\u00f3n del agua potable: pregunte a su departamento de salud local acerca de las pruebas de los pozos de agua potable y otras fuentes de agua potable.<\/li>\n\n\n\n<li>Los s\u00edntomas asociados con la exposici\u00f3n a las sustancias qu\u00edmicas que se encuentran en las cenizas de carb\u00f3n incluyen n\u00e1useas, v\u00f3mitos y da\u00f1o al sistema nervioso u otros \u00f3rganos, especialmente en los ni\u00f1os.<\/li>\n<\/ul>\n\n\n\n<h4 class=\"wp-block-heading\">Documente lo que ve:<\/h4>\n\n\n\n<p>Documente lo que ve con fotos y videos para compartir con Waterkeepers y agencias p\u00fablicas. El monitoreo comunitario puede ser una herramienta incre\u00edblemente \u00fatil. En el caso de los contaminantes met\u00e1licos t\u00f3xicos, puede ser costoso y es necesario estar debidamente capacitado. Para que el gobierno local o estatal, o un tribunal de justicia, se tome en serio los resultados, es importante que un laboratorio de confianza tambi\u00e9n analice las muestras.&nbsp;<\/p>\n\n\n\n<h4 class=\"wp-block-heading\">D\u00f3nde encontrar informaci\u00f3n:<\/h4>\n\n\n\n<p><strong>Proyecto de Integridad Ambiental<\/strong> <strong><a rel=\"noreferrer noopener\" href=\"https:\/\/ashtracker.org\" target=\"_blank\">Ashtracker<\/a><\/strong><\/p>\n\n\n\n<p><strong>de Earthjustice <a rel=\"noreferrer noopener\" href=\"https:\/\/earthjustice.org\/features\/coal-ash-contaminated-sites-map\" target=\"_blank\">Mapeo de la contaminaci\u00f3n por cenizas de carb\u00f3n<\/a><\/strong><\/p>\n\n\n\n<p>Haga preguntas a las agencias ambientales de su estado, ciudad o condado sobre la calidad del agua aguas abajo de la planta de energ\u00eda. Averig\u00fce si el gobierno local o estatal est\u00e1 monitoreando regularmente el agua subterr\u00e1nea cercana o el agua aguas abajo de las plantas de energ\u00eda. Es importante revisar o recopilar datos que cuenten la historia de los problemas que est\u00e1 presenciando.\u00a0<\/p>\n\n\n\n<p>P\u00eddale a su agencia estatal que revise los permisos y la informaci\u00f3n sobre los est\u00e1ndares de calidad del agua. Preg\u00fantele a su agencia estatal si el r\u00edo, arroyo o cuerpo de agua est\u00e1 en una lista de aguas deterioradas y si tiene un plan de limpieza conocido como Carga Diaria M\u00e1xima Total (plan TMDL). Solicitar informes de alta de instalaciones. Si necesita ayuda para comprender estos documentos, dir\u00edjase a Waterkeepers y otros grupos mencionados anteriormente. Si las cosas no se ven bien en los informes, es posible que la instalaci\u00f3n no cumpla con su permiso.<\/p>\n\n\n\n<h4 class=\"wp-block-heading\">Tomar acci\u00f3n:<\/h4>\n\n\n\n<p>Si encuentra violaciones de contaminaci\u00f3n, pregunte si la agencia ambiental estatal est\u00e1 tomando medidas correctivas. Si encuentra violaciones en curso que el estado no ha abordado, recurra a Waterkeepers y los recursos legales mencionados anteriormente para obtener asesoramiento y asistencia para presentar una demanda de la Ley de Agua Limpia. Tambi\u00e9n puede alertar a los medios locales sobre la contaminaci\u00f3n potencial o real de las v\u00edas fluviales y las fuentes de agua potable, como los pozos.<\/p>\n\n<\/div>\n<\/div>\n<\/div><\/div>\n\n\n<h2 class=\"wp-block-heading\">Aplicaci\u00f3n de la Ley de Agua Limpia a las historias del r\u00edo Susquehanna<\/h2>\n\n\n\n<p>La Ley de Agua Limpia no permite ninguna descarga de contaminaci\u00f3n de una tuber\u00eda (y muchos otros medios de transporte discretos como zanjas) A MENOS QUE el descargador obtenga un permiso del estado que prescribe lo que debe hacer para tratar la contaminaci\u00f3n y qu\u00e9 nivel de control debe encontrarse.&nbsp;<\/p>\n\n\n\n<p><strong>PASO 1:<\/strong>\u00a0Estas descargas deben ser controladas por un permiso llamado Sistema Nacional de Eliminaci\u00f3n de Descargas de Contaminantes (NPDES)<strong>\u00a0<\/strong>permiso. Para las instalaciones de eliminaci\u00f3n de cenizas de carb\u00f3n, el permiso NPDES para las aguas residuales industriales en la planta de energ\u00eda puede incluir los estanques y pozos de cenizas de carb\u00f3n, y puede haber permisos NPDES para aguas pluviales industriales para las instalaciones de eliminaci\u00f3n de cenizas de carb\u00f3n y\/o la planta de energ\u00eda. Cualquiera de estos permisos puede tener informaci\u00f3n \u00fatil para su investigaci\u00f3n. Detalles sobre los requisitos de\u00a0<a rel=\"noreferrer noopener\" href=\"https:\/\/www.dep.pa.gov\/Business\/Water\/CleanWater\/WastewaterMgmt\/Pages\/NPDESWQM.aspx\" target=\"_blank\">Permisos NPDES de Pensilvania<\/a>\u00a0se puede encontrar en l\u00ednea, y la informaci\u00f3n sobre instalaciones espec\u00edficas se puede encontrar en el\u00a0<a rel=\"noreferrer noopener\" href=\"https:\/\/echo.epa.gov\/\" target=\"_blank\">Historial de aplicaci\u00f3n y cumplimiento de la EPA en l\u00ednea (ECHO)<\/a>\u00a0sitio web.\u00a0<\/p>\n\n\n\n<p><strong>PASO 2:<\/strong>&nbsp;Para determinar si los permisos establecen los niveles apropiados de control, primero necesitamos saber qu\u00e9 ha declarado oficialmente Pensilvania como \u201cusos\u201d de las aguas debajo de las dos centrales el\u00e9ctricas en la cuenca del r\u00edo Susquehanna Y qu\u00e9 l\u00edmites de contaminantes son necesarios para proteger esos usos. Esos usos y protecciones forman parte del patrimonio estatal.&nbsp;<a href=\"https:\/\/www.epa.gov\/sites\/default\/files\/2014-12\/documents\/pawqs-chapter93.pdf\" target=\"_blank\" rel=\"noreferrer noopener\"><strong>Est\u00e1ndares de calidad del agua<\/strong><\/a>.&nbsp;<\/p>\n\n\n\n<p>En el caso del r\u00edo Middle Susquehanna, la planta de energ\u00eda de Montour descarga en Chillisquaque Creek, y Pensilvania ha designado ese afluente para peces de aguas c\u00e1lidas y peces migratorios.&nbsp;<\/p>\n\n\n\n<p>En el caso del r\u00edo Lower Susquehanna, la planta de energ\u00eda de la isla Brunner est\u00e1 en el cauce principal y est\u00e1 afectando a los arroyos Conewago, Hartman y Cordorus r\u00edo arriba y r\u00edo abajo. Pensilvania ha designado ese tramo del cauce principal y todos los arroyos cerca del Susquehanna como Peces de aguas c\u00e1lidas y Pesquer\u00eda marginal.<\/p>\n\n\n\n<p><strong>PASO 3:<\/strong>&nbsp;Los afluentes del r\u00edo Susquehanna aguas abajo de estas instalaciones de eliminaci\u00f3n de cenizas de carb\u00f3n que est\u00e1n en&nbsp;<a href=\"https:\/\/gis.dep.pa.gov\/IRViewer2022\/\" target=\"_blank\" rel=\"noreferrer noopener\"><strong>Lista de aguas deterioradas de Pensilvania<\/strong><\/a><strong>&nbsp;<\/strong>porque no sustentan la vida acu\u00e1tica. Estos afluentes incluyen varios segmentos de East Branch Chillisquaque Creek para la sedimentaci\u00f3n de la agricultura y Black Gut Creek (tambi\u00e9n conocido como Hartman Run) sin una causa o fuente. La lista es requerida por la CWA y se utiliza para:<\/p>\n\n\n\n<ol class=\"wp-block-list\" type=\"1\">\n<li>Documentar los problemas que se han identificado.<\/li>\n\n\n\n<li>Evitar que cualquier permiso existente o nuevo permita la contaminaci\u00f3n que \u201c<a rel=\"noreferrer noopener\" href=\"https:\/\/www.ecfr.gov\/current\/title-40\/chapter-I\/subchapter-D\/part-122\/subpart-A\/section-122.4\" target=\"_blank\">causar o contribuir<\/a>\u201d a estos problemas\/deficiencias.\u00a0<\/li>\n\n\n\n<li>Requerir el desarrollo de un plan de restauraci\u00f3n de la calidad del agua para el tramo del cuerpo de agua que est\u00e1 catalogado como deteriorado.<\/li>\n<\/ol>\n\n\n\n<p><strong>ETAPA 4:<\/strong>&nbsp;Una vez que se identifican los deterioros en cualquier segmento del r\u00edo, el desarrollo de planes de restauraci\u00f3n de la calidad del agua llamados&nbsp;<a href=\"https:\/\/www.dep.pa.gov\/Business\/Water\/CleanWater\/WaterQuality\/IntegratedWatersReport\/Integrated%20Water%20Quality%20Report-2016\/Pages\/TMDL-Priorities.aspx\"><strong>Cargas diarias m\u00e1ximas totales (TMDL)<\/strong><\/a>&nbsp;se requiere. Los TMDL deben exigir modificaciones de los permisos aguas arriba, como los relacionados con las plantas de energ\u00eda y las instalaciones de eliminaci\u00f3n de cenizas.&nbsp;<\/p>\n\n\n\n<p>De los afluentes enumerados, el East Branch de Chillisquaque Creek es una prioridad de restauraci\u00f3n, pero Hartman Run figura como &quot;4c&quot;, lo que significa que los problemas no son contaminantes espec\u00edficos y no hay intenci\u00f3n de desarrollar un plan de restauraci\u00f3n de la calidad del agua.&nbsp;<\/p>\n\n\n\n<p><strong>PASO 5:<\/strong>\u00a0Si los titulares de los permisos est\u00e1n violando su permiso, el p\u00fablico que est\u00e1 o puede verse afectado negativamente por las violaciones en curso puede presentar una demanda (River Network&#039;s <a href=\"https:\/\/www.rivernetwork.org\/wp-content\/uploads\/2022\/10\/CleanWaterActManual-3rdEdition-final-11.7.22.pdf\" target=\"_blank\" rel=\"noreferrer noopener\">Manual del propietario de CWA<\/a> pag. 136) contra la entidad infractora. En el caso de cada uno de los sitios de disposici\u00f3n de cenizas, esta opci\u00f3n de juicio p\u00fablico estaba sobre la mesa. En el r\u00edo Lower Susquehanna, se emple\u00f3 para iniciar acciones en las instalaciones de Brunner Island.\u00a0<\/p>\n\n\n<div class=\"gb-container gb-container-cc55f8e5\"><div class=\"gb-inside-container\">\n<div class=\"gb-button-wrapper gb-button-wrapper-dd66705b\">\n\n<a class=\"gb-button gb-button-a7d6f396 gb-button-text\" href=\"https:\/\/cwaplaybook.org\/es\/cwa-basics\/\">CONCEPTOS B\u00c1SICOS DE CWA<\/a>\n\n\n\n<a class=\"gb-button gb-button-80dd951d gb-button-text\" href=\"https:\/\/cwaplaybook.org\/es\/playbook\/\">VOLVER A Manual de CWA<\/a>\n\n<\/div>\n<\/div><\/div><div class=\"pdfprnt-buttons pdfprnt-buttons-page pdfprnt-bottom-left\"><a href=\"javascript: imageToPdf(931)\" class=\"pdfprnt-button pdfprnt-button-pdf\" target=\"_self\" ><img decoding=\"async\" src=\"https:\/\/cwaplaybook.org\/wp-content\/plugins\/pdf-print\/images\/pdf.png\" alt=\"image_pdf\" title=\"Descargar PDF\" \/><span class=\"pdfprnt-button-title pdfprnt-button-pdf-title\">Guardar esta p\u00e1gina como PDF<\/span><\/a><\/div>","protected":false},"excerpt":{"rendered":"<p>Si su comunidad est\u00e1 experimentando amenazas a su agua debido a la contaminaci\u00f3n por cenizas de carb\u00f3n, usted no est\u00e1 solo y puede... <a title=\"Libro de jugadas de ceniza de carb\u00f3n\" class=\"read-more\" href=\"https:\/\/cwaplaybook.org\/es\/playbook\/coal-ash-playbook\/\" aria-label=\"Leer m\u00e1s sobre Manual de estrategias para cenizas de carb\u00f3n\">Leer m\u00e1s<\/a><\/p>","protected":false},"author":1,"featured_media":1067,"parent":678,"menu_order":0,"comment_status":"closed","ping_status":"closed","template":"","meta":{"footnotes":""},"class_list":["post-931","page","type-page","status-publish","has-post-thumbnail"],"_links":{"self":[{"href":"https:\/\/cwaplaybook.org\/es\/wp-json\/wp\/v2\/pages\/931","targetHints":{"allow":["GET"]}}],"collection":[{"href":"https:\/\/cwaplaybook.org\/es\/wp-json\/wp\/v2\/pages"}],"about":[{"href":"https:\/\/cwaplaybook.org\/es\/wp-json\/wp\/v2\/types\/page"}],"author":[{"embeddable":true,"href":"https:\/\/cwaplaybook.org\/es\/wp-json\/wp\/v2\/users\/1"}],"replies":[{"embeddable":true,"href":"https:\/\/cwaplaybook.org\/es\/wp-json\/wp\/v2\/comments?post=931"}],"version-history":[{"count":0,"href":"https:\/\/cwaplaybook.org\/es\/wp-json\/wp\/v2\/pages\/931\/revisions"}],"up":[{"embeddable":true,"href":"https:\/\/cwaplaybook.org\/es\/wp-json\/wp\/v2\/pages\/678"}],"wp:featuredmedia":[{"embeddable":true,"href":"https:\/\/cwaplaybook.org\/es\/wp-json\/wp\/v2\/media\/1067"}],"wp:attachment":[{"href":"https:\/\/cwaplaybook.org\/es\/wp-json\/wp\/v2\/media?parent=931"}],"curies":[{"name":"gracias","href":"https:\/\/api.w.org\/{rel}","templated":true}]}}